{"id":8977,"date":"2020-05-28T15:14:39","date_gmt":"2020-05-28T13:14:39","guid":{"rendered":"https:\/\/www.pharmacieparvais.com\/?page_id=8977"},"modified":"2020-07-21T21:17:15","modified_gmt":"2020-07-21T19:17:15","slug":"etablissement-de-votre-schema-de-medication","status":"publish","type":"page","link":"https:\/\/www.pharmacieparvais.com\/index.php\/services\/etablissement-de-votre-schema-de-medication\/","title":{"rendered":"Sch\u00e9ma de m\u00e9dication"},"content":{"rendered":"<div id=\"pl-gb8977-69e169300f3ce\"  class=\"panel-layout\" ><div id=\"pg-gb8977-69e169300f3ce-0\"  class=\"panel-grid panel-no-style\" ><div id=\"pgc-gb8977-69e169300f3ce-0-0\"  class=\"panel-grid-cell\" ><div id=\"panel-gb8977-69e169300f3ce-0-0-0\" class=\"so-panel widget widget_sow-editor panel-first-child panel-last-child\" data-index=\"0\" ><div\n\t\t\t\n\t\t\tclass=\"so-widget-sow-editor so-widget-sow-editor-base\"\n\t\t\t\n\t\t>\n<div class=\"siteorigin-widget-tinymce textwidget\">\n\t<p>Nous pouvons assurer, pour les patients prenant des m\u00e9dicaments de mani\u00e8re\u00a0chronique, la mission de <strong>pharmacien de r\u00e9f\u00e9rence<\/strong> afin de vous offrir\u00a0un suivi personnalis\u00e9 de vos traitements et de vous accompagner en continu\u00a0dans le bon usage de vos m\u00e9dicaments.<\/p>\n<p><strong><u>Les atouts du sch\u00e9ma de m\u00e9dication :<\/u><\/strong><\/p>\n<ol>\n<li><u>Une vue d\u00e9taill\u00e9e de vos traitements :<\/u><\/li>\n<\/ol>\n<p>Tous les m\u00e9dicaments prescrits par votre g\u00e9n\u00e9raliste, votre dentiste, vos m\u00e9decins sp\u00e9cialistes ainsi que les autres produits de sant\u00e9 achet\u00e9s sans prescription et susceptibles d\u2019interf\u00e9rer avec votre traitement sont enregistr\u00e9s dans votre sch\u00e9ma de m\u00e9dication.<\/p>\n<p>Votre <strong>pharmacien de r\u00e9f\u00e9rence<\/strong> int\u00e8gre toutes ces informations dans votre <strong>sch\u00e9ma de m\u00e9dication personnel<\/strong> et le met \u00e0 jour d\u00e8s qu\u2019une adaptation survient, donc lorsque votre traitement change.<\/p>\n<p>\u27a1\ufe0f <strong><span style=\"color: #5fb844;\">Vous disposez d\u2019une vue compl\u00e8te et \u00e9volutive de votre m\u00e9dication.<\/span><\/strong><\/p>\n<ol start=\"2\">\n<li><u>Le bon m\u00e9dicament, au bon moment, \u00e0 la bonne dose :<\/u><\/li>\n<\/ol>\n<p>Prendre de nombreux m\u00e9dicaments, ce n\u2019est pas toujours une sin\u00e9cure : ce m\u00e9dicament je dois le prendre le matin ou le soir ? Fallait-il le prendre avant ou apr\u00e8s le repas ? Et \u00e0 quelle dose encore ?<\/p>\n<p>M\u00eame si nous notons toutes les posologies sur vos bo\u00eetes, votre sch\u00e9ma de m\u00e9dication contient toutes les informations sur les posologies, les moments de prise et pr\u00e9cautions \u00e9ventuelles de chacun de vos m\u00e9dicaments.<\/p>\n<p>\u27a1\ufe0f <strong><span style=\"color: #5fb844;\">A la fois r\u00e9sum\u00e9 et aide-m\u00e9moire, votre sch\u00e9ma de m\u00e9dication vous permet donc de savoir pr\u00e9cis\u00e9ment quand, comment et \u00e0 quelle dose prendre chacun de vos m\u00e9dicaments.<\/span><\/strong><\/p>\n<ol start=\"3\">\n<li><u>Une pr\u00e9paration de vos m\u00e9dicaments facilit\u00e9e :<\/u><\/li>\n<\/ol>\n<p>Comment pr\u00e9parez-vous la prise de vos m\u00e9dicaments ? Recevez-vous l\u2019aide d\u2019un membre de votre famille, d\u2019un infirmier ? Vos enfants savent-ils quels m\u00e9dicaments vous devez prendre et \u00e0 quel moment ?<\/p>\n<p>Gr\u00e2ce \u00e0 votre sch\u00e9ma de m\u00e9dication, ils peuvent vous aider \u00e0 les prendre correctement et vous permettre ainsi de rester vivre sereinement \u00e0 la maison.<\/p>\n<p>\u27a1\ufe0f <span style=\"color: #5fb844;\"><strong>Une ligne directrice identique pour tous les intervenants.<\/strong><\/span><\/p>\n<ol start=\"4\">\n<li><u>Vos donn\u00e9es de sant\u00e9 compl\u00e8tes et \u00e0 jour pour vos prestataires de soins de sant\u00e9 :<\/u><\/li>\n<\/ol>\n<p>Votre sch\u00e9ma de m\u00e9dication peut \u00eatre partag\u00e9 \u00e0 l\u2019ensemble de vos prestataires de soins. Ceux-ci en auront alors directement connaissance. Toute prescription inutile ou incompatible avec un m\u00e9dicament que vous prenez d\u00e9j\u00e0 pourra \u00eatre \u00e9vit\u00e9e et vous b\u00e9n\u00e9ficierez \u00e0 tout moment d\u2019une m\u00e9dication s\u00fbre.<\/p>\n<p>\u27a1\ufe0f<span style=\"color: #5fb844;\"><strong> La garantie de b\u00e9n\u00e9ficier des meilleurs soins.<\/strong><\/span><\/p>\n<ol start=\"5\">\n<li><u>L\u2019information toujours accessible, m\u00eame en cas d\u2019hospitalisation ou d\u2019un voyage \u00e0 l\u2019\u00e9tranger\u00a0:<\/u><\/li>\n<\/ol>\n<p>Qu\u2019il s\u2019agisse d\u2019une hospitalisation planifi\u00e9e ou impr\u00e9vue, votre traitement m\u00e9dicamenteux ne doit pas \u00eatre interrompu et les soins re\u00e7us \u00e0 l\u2019h\u00f4pital doivent aussi s\u2019y adapter. Et inversement lors de votre sortie.<\/p>\n<p>Avec un sch\u00e9ma de m\u00e9dication, vous n\u2019avez plus besoin d\u2019expliquer ou de noter les m\u00e9dicaments que vous prenez : vous avez tout sous la main !<\/p>\n<p>Votre sch\u00e9ma vous sera aussi tr\u00e8s utile au cas o\u00f9 vous auriez besoin de soins m\u00e9dicaux \u00e0 l\u2019\u00e9tranger.<\/p>\n<p>\u27a1\ufe0f <span style=\"color: #5fb844;\"><strong>Tout b\u00e9n\u00e9fice pour VOTRE sant\u00e9<\/strong><\/span><\/p>\n<ol start=\"6\">\n<li><u>C\u2019est un service enti\u00e8rement gratuit pour le patient.<\/u><\/li>\n<\/ol>\n<p><strong><u>Comment partager mon sch\u00e9ma de m\u00e9dication ?\u00a0\u00a0 <\/u><\/strong><\/p>\n<p>Deux possibilit\u00e9s de partage du sch\u00e9ma de m\u00e9dication :<\/p>\n<ul>\n<li>Soit, vous l&#8217;emportez chaque fois que vous vous rendez en consultation chez votre m\u00e9decin traitant, chez un sp\u00e9cialiste ou lors d&#8217;une hospitalisation.<\/li>\n<li>Soit, vous validez pr\u00e9alablement aupr\u00e8s de votre pharmacien de r\u00e9f\u00e9rence le partage \u00e9lectronique de votre sch\u00e9ma de m\u00e9dication. Les prestataires de soins que vous consultez auront, avec votre accord, acc\u00e8s direct \u00e0 votre sch\u00e9ma de m\u00e9dication.<\/li>\n<\/ul>\n<p>Si vous ne disposez pas encore d\u2019un sch\u00e9ma de m\u00e9dication, demandez nous conseil. Nous prendrons tout notre temps pour le r\u00e9aliser avec vous. Ensuite vous le ferez valider par votre m\u00e9decin g\u00e9n\u00e9raliste.<\/p>\n<p>Pour en savoir plus en un coup d&#8217;oeil :<\/p>\n<p><div class=\"embed-responsive embed-responsive-16by9\"><iframe loading=\"lazy\" title=\"Mon pharmacien de r\u00e9f\u00e9rence\" width=\"1140\" height=\"641\" src=\"https:\/\/www.youtube.com\/embed\/rkDnxqRj5dY?feature=oembed\" frameborder=\"0\" allow=\"accelerometer; autoplay; encrypted-media; gyroscope; picture-in-picture\" allowfullscreen><\/iframe><\/div><\/p>\n<\/div>\n<\/div><\/div><\/div><\/div><\/div>","protected":false},"excerpt":{"rendered":"<p>Nous pouvons assurer, pour les patients prenant des m\u00e9dicaments de mani\u00e8re\u00a0chronique, la mission de pharmacien de r\u00e9f\u00e9rence afin de vous offrir\u00a0un suivi personnalis\u00e9 de vos traitements et de vous accompagner en continu\u00a0dans le bon usage de vos m\u00e9dicaments. Les atouts du sch\u00e9ma de m\u00e9dication : Une vue d\u00e9taill\u00e9e de vos traitements : Tous les m\u00e9dicaments [&hellip;]<\/p>\n","protected":false},"author":1,"featured_media":9857,"parent":110,"menu_order":0,"comment_status":"closed","ping_status":"closed","template":"","meta":{"footnotes":""},"class_list":["post-8977","page","type-page","status-publish","has-post-thumbnail","hentry"],"_links":{"self":[{"href":"https:\/\/www.pharmacieparvais.com\/index.php\/wp-json\/wp\/v2\/pages\/8977","targetHints":{"allow":["GET"]}}],"collection":[{"href":"https:\/\/www.pharmacieparvais.com\/index.php\/wp-json\/wp\/v2\/pages"}],"about":[{"href":"https:\/\/www.pharmacieparvais.com\/index.php\/wp-json\/wp\/v2\/types\/page"}],"author":[{"embeddable":true,"href":"https:\/\/www.pharmacieparvais.com\/index.php\/wp-json\/wp\/v2\/users\/1"}],"replies":[{"embeddable":true,"href":"https:\/\/www.pharmacieparvais.com\/index.php\/wp-json\/wp\/v2\/comments?post=8977"}],"version-history":[{"count":17,"href":"https:\/\/www.pharmacieparvais.com\/index.php\/wp-json\/wp\/v2\/pages\/8977\/revisions"}],"predecessor-version":[{"id":9731,"href":"https:\/\/www.pharmacieparvais.com\/index.php\/wp-json\/wp\/v2\/pages\/8977\/revisions\/9731"}],"up":[{"embeddable":true,"href":"https:\/\/www.pharmacieparvais.com\/index.php\/wp-json\/wp\/v2\/pages\/110"}],"wp:featuredmedia":[{"embeddable":true,"href":"https:\/\/www.pharmacieparvais.com\/index.php\/wp-json\/wp\/v2\/media\/9857"}],"wp:attachment":[{"href":"https:\/\/www.pharmacieparvais.com\/index.php\/wp-json\/wp\/v2\/media?parent=8977"}],"curies":[{"name":"wp","href":"https:\/\/api.w.org\/{rel}","templated":true}]}}