{"id":8863,"date":"2020-04-21T21:24:15","date_gmt":"2020-04-21T19:24:15","guid":{"rendered":"https:\/\/www.pharmacieparvais.com\/?page_id=8863"},"modified":"2020-08-27T18:09:19","modified_gmt":"2020-08-27T16:09:19","slug":"puces-co","status":"publish","type":"page","link":"https:\/\/www.pharmacieparvais.com\/index.php\/bibliotheque-conseillotheque\/puces-co\/","title":{"rendered":"Puces"},"content":{"rendered":"<div class=\"wp-block-group\"><div class=\"wp-block-group__inner-container is-layout-flow wp-block-group-is-layout-flow\"><div id=\"pl-gb8863-69f9f84fdfc4e\"  class=\"panel-layout\" ><div id=\"pg-gb8863-69f9f84fdfc4e-0\"  class=\"panel-grid panel-no-style\" ><div id=\"pgc-gb8863-69f9f84fdfc4e-0-0\"  class=\"panel-grid-cell\" ><div id=\"panel-gb8863-69f9f84fdfc4e-0-0-0\" class=\"so-panel widget widget_sow-editor panel-first-child panel-last-child\" data-index=\"0\" ><div\n\t\t\t\n\t\t\tclass=\"so-widget-sow-editor so-widget-sow-editor-base\"\n\t\t\t\n\t\t>\n<div class=\"siteorigin-widget-tinymce textwidget\">\n\t<p><span style=\"font-size: 24px; color: #5fb844;\"><strong><u>Les Puces<\/u><\/strong><\/span><\/p>\n<h5><img loading=\"lazy\" decoding=\"async\" class=\"alignnone wp-image-9676 size-full\" src=\"https:\/\/www.pharmacieparvais.com\/wp-content\/uploads\/2020\/07\/puce.jpg\" alt=\"\" width=\"225\" height=\"150\" \/><br \/>\n<em>Puce adulte<\/em><\/h5>\n<p>Tout savoir, ou presque, sur ces parasites pour aider nos animaux\u00a0de compagnie \u00e0 ne plus en \u00eatre infest\u00e9s.<\/p>\n<p><span style=\"color: #5fb844;\"><strong><u>Introduction :<\/u><\/strong><\/span><\/p>\n<p>En Belgique, pr\u00e8s de 4 millions de chats et chiens sont recens\u00e9s. Si nos amis \u00e0\u00a0quatre pattes sont nombreux et ont un r\u00f4le social indiscutable, ils peuvent \u00eatre vecteurs de maladies ou de d\u00e9sagr\u00e9ments li\u00e9s entre autres aux <u>puces<\/u>, qui sont des insectes, et aux <u>tiques<\/u>, qui sont des acariens.<\/p>\n<p>Les puces sont des insectes de\u00a01 \u00e0 3 mm, caract\u00e9ris\u00e9s par leurs pi\u00e8ces buccales constitu\u00e9es d&#8217;un appareil piqueur-suceur ainsi que par leurs capacit\u00e9s \u00e0 faire des bonds de plus de 30 cm de haut et 50 cm de long\u00a0!<\/p>\n<p>Les puces sont des <u>ectoparasites<\/u>, c\u00e0d des parasites externes, qui infestent les mammif\u00e8res et certains oiseaux. Elles vivent du sang de leurs porteurs.<\/p>\n<p>Lorsqu&#8217;elle pique, la puce injecte de la salive qui peut \u00eatre \u00e0 l\u2019origine d\u2019allergies\u00a0: c\u2019est la <strong>dermatite<\/strong><strong>allergique\u00a0aux\u00a0piq\u00fbres\u00a0de\u00a0puces<\/strong> ou\u00a0&#8220;<strong>DAPP<\/strong>&#8220;. \u00a0Elle s\u2019exprime par l\u2019apparition de papules, de gourmes, de cro\u00fbtes&#8230;<\/p>\n<p>A noter que les chats, plus soucieux de leur propret\u00e9 que les chiens en g\u00e9n\u00e9ral, se l\u00e8chent pour se laver et provoquent ou entretiennent de cette mani\u00e8re les l\u00e9sions de la peau.<\/p>\n<p>On peut bien \u00e9videmment trouver les puces dans les logements et autres lieux publics sous certaines de leurs formes larvaires. Plus de 2.500\u00a0esp\u00e8ces de puces diff\u00e9rentes ont \u00e9t\u00e9 r\u00e9pertori\u00e9es !<\/p>\n<p><span style=\"color: #5fb844;\"><strong><u>Cycle de la puce :<\/u><\/strong><\/span><\/p>\n<p>Pour une \u00e9radication compl\u00e8te des puces, il est n\u00e9cessaire d&#8217;en comprendre le cycle de reproduction\u00a0:<\/p>\n<p><img loading=\"lazy\" decoding=\"async\" class=\"alignnone wp-image-9677 size-full\" src=\"https:\/\/www.pharmacieparvais.com\/wp-content\/uploads\/2020\/07\/cycle-de-la-puce.jpg\" alt=\"\" width=\"436\" height=\"469\" srcset=\"https:\/\/www.pharmacieparvais.com\/wp-content\/uploads\/2020\/07\/cycle-de-la-puce.jpg 436w, https:\/\/www.pharmacieparvais.com\/wp-content\/uploads\/2020\/07\/cycle-de-la-puce-279x300.jpg 279w\" sizes=\"auto, (max-width: 436px) 100vw, 436px\" \/><\/p>\n<p>Lorsqu\u2019une jeune puce saute sur un animal, sur lequel elle restera toute sa vie, elle le pique tr\u00e8s rapidement pour se nourrir de sang.<\/p>\n<p>Une puce peut vivre jusqu&#8217;\u00e0 3 mois et pond de 20 \u00e0 50 \u0153ufs par jour. Ces \u0153ufs tombent de l\u2019animal lorsque ce dernier se d\u00e9place ou se repose. On trouve donc des \u0153ufs de puces partout o\u00f9 l&#8217;animal est pass\u00e9, avec des concentrations plus \u00e9lev\u00e9es dans les endroits qu\u2019il pr\u00e9f\u00e8re, comme par exemple ses lieux de couchage.<\/p>\n<p>D\u00e8s l&#8217;\u00e9closion, les larves de puce fuient la lumi\u00e8re et l\u2019ensoleillement direct. Elles ont besoin d\u2019humidit\u00e9 pour se d\u00e9velopper.\u00a0 Elles se d\u00e9placent pour s\u2019enfouir profond\u00e9ment dans les fibres de tapis, moquettes, sous les plinthes, dans les interstices du sol. Dans les jardins, elles se r\u00e9fugient sous des d\u00e9bris, les herbes, les feuilles mortes ou s\u2019enfouissent dans la terre meuble.<\/p>\n<p>Apr\u00e8s 7 \u00e0 10 jours, les larves confectionnent des cocons et se transforment en pupes. Une puce pr\u00e9-adulte se d\u00e9veloppe dans le cocon qui la prot\u00e8ge s&#8217;il fait froid et sec. Ces cocons, qui se trouvent enfouis dans les tapis, les fauteuils, \u2026 peuvent ainsi rester en attente d\u2019\u00e9closion pendant plusieurs mois\u00a0!<\/p>\n<p>Dans son cocon, la jeune puce d\u00e9tecte en quelques secondes l\u2019arriv\u00e9e d\u2019un \u00eatre vivant par les vibrations que celui-ci provoque, ainsi que les variations de pression atmosph\u00e9rique, de luminosit\u00e9 et de temp\u00e9rature. La jeune puce \u00e9merge alors de son cocon pour envahir son h\u00f4te.<\/p>\n<p>On constate que les puces sont majoritairement pr\u00e9sentes sous leurs formes \u0153ufs-larves-cocons dans l&#8217;environnement de l&#8217;animal. Il est donc capital d&#8217;agir en traitant l&#8217;animal de mani\u00e8re <strong>pr\u00e9ventive toute l&#8217;ann\u00e9e\u00a0<\/strong>et d&#8217;envisager des actions collat\u00e9rales.<\/p>\n<p><img loading=\"lazy\" decoding=\"async\" class=\"alignnone wp-image-9678 size-full\" src=\"https:\/\/www.pharmacieparvais.com\/wp-content\/uploads\/2020\/07\/puce2.jpg\" alt=\"\" width=\"175\" height=\"189\" \/><\/p>\n<p><span style=\"color: #5fb844;\"><strong><u>Comment d\u00e9terminer la pr\u00e9sence de puces\u00a0?<\/u><\/strong><\/span><\/p>\n<p>Le diagnostic n\u2019est pas toujours facile car les puces se d\u00e9placent rapidement dans le pelage. En recherchant les puces avec les doigts, on observe moins de 20 % des adultes r\u00e9ellement pr\u00e9sents. Et si l\u2019infestation n\u2019est pas tr\u00e8s importante, il est m\u00eame possible de ne pas les voir. De plus, lors de sa toilette, le chat avale de nombreuses puces, ce qui r\u00e9duit encore leur nombre. Le <strong>grattage<\/strong>, ou un <strong>l\u00e9chage excessif<\/strong>, peuvent \u00eatre les seuls <strong><u>signes d&#8217;infestation<\/u> de l\u2019animal<\/strong>.<\/p>\n<p>Pour d\u00e9pister la pr\u00e9sence de puces, un examen attentif avec un \u00ab peigne \u00e0 puces \u00bb est donc n\u00e9cessaire. Il faut peigner l&#8217;animal m\u00e9thodiquement sur une surface propre et blanche comme une feuille de papier. Une fois les \u00ab\u00a0d\u00e9bris\u00a0\u00bb r\u00e9colt\u00e9s dans le pelage d\u00e9pos\u00e9s sur la feuille, on humidifie le papier. Si des aur\u00e9oles rouge\u00e2tres se\u00a0d\u00e9veloppent autour de certains d\u00e9bris, cela signifie qu\u2019ils sont constitu\u00e9s de sang. Ce sont donc des excr\u00e9ments de puces. L&#8217;animal est donc malheureusement infest\u00e9\u00a0!<\/p>\n<p><span style=\"color: #5fb844;\"><strong><u>Comment agir pour essayer d&#8217;\u00e9radiquer les puces\u00a0?<\/u><\/strong><\/span><\/p>\n<p>Un mot important \u00e0 retenir\u00a0:\u00a0<strong>PATIENCE\u00a0!<\/strong><\/p>\n<p>Comme expliqu\u00e9 ci-dessus, la forme &#8220;cocon&#8221; de la puce peut, si les conditions d&#8217;\u00e9closion ne sont\u00a0pas optimales, rester en vie de tr\u00e8s longs mois avant d&#8217;\u00e9clore. Diff\u00e9rentes actions sont donc absolument obligatoires pour \u00e9radiquer ces parasites en plus d&#8217;un traitement pr\u00e9ventif chronique que nous vous proposerons \u00e0 la pharmacie en fonction de diff\u00e9rents crit\u00e8res qui doivent \u00eatre discut\u00e9s avec vous.<\/p>\n<p><strong> <img loading=\"lazy\" decoding=\"async\" class=\"alignnone wp-image-9679 size-full\" src=\"https:\/\/www.pharmacieparvais.com\/wp-content\/uploads\/2020\/07\/puces3.jpg\" alt=\"\" width=\"237\" height=\"162\" \/><\/strong><\/p>\n<p><strong>En plus de tout mettre en \u0153uvre pour \u00e9viter l\u2019infestation de l\u2019habitat par les \u0153ufs et larves en appliquant un produit appropri\u00e9 sur l\u2019animal, il faut\u00a0:<\/strong><\/p>\n<p><strong>&#8211;\u00a0<\/strong><strong>Traiter tous les animaux<\/strong> du foyer en m\u00eame temps, afin d\u2019\u00e9liminer les puces adultes les parasitant.<\/p>\n<p>&#8211; <strong>Nettoyer les lieux de vie<\/strong> de l\u2019animal par des mesures physiques et chimiques.<\/p>\n<p>\u27a1\ufe0f Il faut passer l\u2019aspirateur, ou mieux un combin\u00e9 \u00e0 vapeur chaude, partout dans la maison, en insistant sur les tapis. Une attention particuli\u00e8re est port\u00e9e aux lieux de repos, bacs, coussins et aux endroits sombres. L&#8217;aspirateur retire un certain nombre d&#8217;\u0153ufs de puces et de larves. Il stimule aussi l&#8217;\u00e9closion des puces pr\u00e9-adultes. Les cocons sont tr\u00e8s r\u00e9sistants aux traitements, il faut donc r\u00e9aliser ce cycle de nettoyage\/traitement <strong>une fois par semaine minimum<\/strong> pour esp\u00e9rer \u00e9liminer ces parasites. Souvent, on n\u2019y parvient pas compl\u00e8tement. A l\u2019ext\u00e9rieur, les zones de v\u00e9g\u00e9tation abondantes \u00e0 proximit\u00e9 de l&#8217;habitation, qui offrent un environnement prot\u00e9g\u00e9 de l&#8217;\u00e9clairage direct de la lumi\u00e8re du soleil, doivent \u00eatre tondues ou\u00a0coup\u00e9es. Les feuilles et les mati\u00e8res organiques qui couvrent le sol doivent \u00eatre retir\u00e9es de fa\u00e7on \u00e0 permettre \u00e0 celui-ci de s\u00e9cher.<\/p>\n<p>En cas d\u2019infestation massive, il est imp\u00e9ratif de traiter directement l\u2019environnement avec des <strong>produits insecticides adapt\u00e9s<\/strong> que nous vous conseillerons en fonction de la disposition des pi\u00e8ces de votre logement.<\/p>\n<p><img loading=\"lazy\" decoding=\"async\" class=\"alignnone wp-image-9680 size-full\" src=\"https:\/\/www.pharmacieparvais.com\/wp-content\/uploads\/2020\/07\/puces4.jpg\" alt=\"\" width=\"288\" height=\"198\" \/><\/p>\n<p><span style=\"color: #ff0000;\"><strong><u>IMPORTANT\u00a0<\/u><\/strong><u>:<\/u><\/span><\/p>\n<p><span style=\"color: #ff0000;\">\u2013\u00a0\u00a0\u00a0<strong>les traitements anti-puces et anti-tiques sont \u00e0 appliquer toute l&#8217;ann\u00e9e sur vos animaux de compagnie, m\u00eame en hiver, pour casser le cycle de reproduction et de d\u00e9veloppement<\/strong><\/span><\/p>\n<p><span style=\"color: #ff0000;\">\u2013\u00a0\u00a0 un <strong>traitement<\/strong> contre les puces pour <strong>chien\u00a0ne doit pas \u00eatre utilis\u00e9 pour un chat<\/strong>. Certaines mol\u00e9cules, dont les d\u00e9riv\u00e9s de pyr\u00e8thre sont mortelles pour le chat\u00a0!<\/span><\/p>\n<p><span style=\"color: #ff0000;\">\u2013\u00a0\u00a0 Lors du traitement global par insecticide des habitations infest\u00e9es, il est important de bien <strong>a\u00e9rer<\/strong> les pi\u00e8ces apr\u00e8s 4 heures d&#8217;impr\u00e9gnation<\/span><\/p>\n<p><span style=\"color: #ff0000;\">\u2013\u00a0Attention, les animaux \u00e0 sang froid, <strong>poissons et autres reptiles ne peuvent \u00eatre en contact<\/strong> avec les produits insecticides sous peine de mort rapide&#8230;<\/span><\/p>\n<p><span style=\"color: #ff0000;\">\u2013\u00a0\u00a0 il est \u00e9galement important de <strong>traiter simultan\u00e9ment contre les vers et autres parasites internes<\/strong> vos amis \u00e0 quatre pattes car les \u0153ufs de certains t\u00e9nias sont v\u00e9hicul\u00e9s par les puces.<\/span><\/p>\n<p>&nbsp;<\/p>\n<p style=\"text-align: center;\"><span style=\"font-size: 21px;\">\ud83d\udccd<\/span><\/p>\n<p style=\"text-align: center;\">Nous sommes \u00e0 votre disposition pour vous aider \u00e0 g\u00e9rer au mieux cette probl\u00e9matique\u00a0 puces-tiques, n&#8217;h\u00e9sitez pas \u00e0 nous rendre visite.<\/p>\n<p style=\"text-align: center;\">Nous vous conseillerons le produit en vente libre le plus appropri\u00e9, pipette ou collier &#8230; en fonction de votre animal.<\/p>\n<p><img loading=\"lazy\" decoding=\"async\" class=\"wp-image-9681 size-full aligncenter\" src=\"https:\/\/www.pharmacieparvais.com\/wp-content\/uploads\/2020\/07\/puces5.jpg\" alt=\"\" width=\"373\" height=\"225\" srcset=\"https:\/\/www.pharmacieparvais.com\/wp-content\/uploads\/2020\/07\/puces5.jpg 373w, https:\/\/www.pharmacieparvais.com\/wp-content\/uploads\/2020\/07\/puces5-300x181.jpg 300w\" sizes=\"auto, (max-width: 373px) 100vw, 373px\" \/><\/p>\n<p>&nbsp;<\/p>\n<\/div>\n<\/div><\/div><\/div><\/div><\/div><\/div><\/div>","protected":false},"excerpt":{"rendered":"<p>ou comment presque tout savoir sur ces parasites pour aider nos animaux de compagnie \u00e0 ne plus en \u00eatre infest\u00e9s.<\/p>\n","protected":false},"author":1,"featured_media":9716,"parent":8179,"menu_order":0,"comment_status":"closed","ping_status":"closed","template":"","meta":{"footnotes":""},"class_list":["post-8863","page","type-page","status-publish","has-post-thumbnail","hentry"],"_links":{"self":[{"href":"https:\/\/www.pharmacieparvais.com\/index.php\/wp-json\/wp\/v2\/pages\/8863","targetHints":{"allow":["GET"]}}],"collection":[{"href":"https:\/\/www.pharmacieparvais.com\/index.php\/wp-json\/wp\/v2\/pages"}],"about":[{"href":"https:\/\/www.pharmacieparvais.com\/index.php\/wp-json\/wp\/v2\/types\/page"}],"author":[{"embeddable":true,"href":"https:\/\/www.pharmacieparvais.com\/index.php\/wp-json\/wp\/v2\/users\/1"}],"replies":[{"embeddable":true,"href":"https:\/\/www.pharmacieparvais.com\/index.php\/wp-json\/wp\/v2\/comments?post=8863"}],"version-history":[{"count":13,"href":"https:\/\/www.pharmacieparvais.com\/index.php\/wp-json\/wp\/v2\/pages\/8863\/revisions"}],"predecessor-version":[{"id":10241,"href":"https:\/\/www.pharmacieparvais.com\/index.php\/wp-json\/wp\/v2\/pages\/8863\/revisions\/10241"}],"up":[{"embeddable":true,"href":"https:\/\/www.pharmacieparvais.com\/index.php\/wp-json\/wp\/v2\/pages\/8179"}],"wp:featuredmedia":[{"embeddable":true,"href":"https:\/\/www.pharmacieparvais.com\/index.php\/wp-json\/wp\/v2\/media\/9716"}],"wp:attachment":[{"href":"https:\/\/www.pharmacieparvais.com\/index.php\/wp-json\/wp\/v2\/media?parent=8863"}],"curies":[{"name":"wp","href":"https:\/\/api.w.org\/{rel}","templated":true}]}}