{"id":6393,"date":"2015-12-28T20:03:55","date_gmt":"2015-12-28T20:03:55","guid":{"rendered":"http:\/\/export-xml.qreativethemes.com\/physio\/?page_id=6393"},"modified":"2020-07-15T15:46:51","modified_gmt":"2020-07-15T13:46:51","slug":"ristournes","status":"publish","type":"page","link":"https:\/\/www.pharmacieparvais.com\/index.php\/services\/ristournes\/","title":{"rendered":"Ristournes"},"content":{"rendered":"<div id=\"pl-6393\"  class=\"panel-layout\" ><div id=\"pg-6393-0\"  class=\"panel-grid panel-no-style\" ><div id=\"pgc-6393-0-0\"  class=\"panel-grid-cell\" ><div id=\"panel-6393-0-0-0\" class=\"so-panel widget widget_sow-editor panel-first-child panel-last-child\" data-index=\"0\" ><div\n\t\t\t\n\t\t\tclass=\"so-widget-sow-editor so-widget-sow-editor-base\"\n\t\t\t\n\t\t><h3 class=\"widget-title\">La carte pharma-pass<\/h3>\n<div class=\"siteorigin-widget-tinymce textwidget\">\n\t<p>La pharmacie Parvais vous permet de mieux comptabiliser vos remises gr\u00e2ce \u00e0 la carte Pharma-Pass qui vous est offerte gratuitement.<\/p>\n<p>Vous pouvez photocopier le code barre de la carte Pharma-Pass et le coller sur une autre carte, ou l\u2019int\u00e9grer dans votre t\u00e9l\u00e9phone portable. Cela permet \u00e0 chaque membre de votre famille de globaliser les avantages que nous vous offrons.<\/p>\n<p>Elle vous donne droit \u00e0 une remise de 4% sur les m\u00e9dicaments non rembours\u00e9s par la mutuelle. Ces remises s'additionnent et se lib\u00e8rent par tranche d'achat de 5\u20ac.<\/p>\n<p>Une\u00a0remise de 10 \u00e0 30 % est octroy\u00e9e\u00a0directement sur nos gammes de cosm\u00e9tiques de r\u00e9f\u00e9rence.<\/p>\n<p>Suivez-nous \u00e9galement sur Facebook \u00ab\u00a0Pharmacie Parvais\u00a0\u00bb pour \u00eatre inform\u00e9s de nos offres avantageuses r\u00e9guli\u00e8res : promotions saisonni\u00e8res, Saint-Valentin, F\u00eate des M\u00e8res, F\u00eate des P\u00e8res, Saint-Nicolas, No\u00ebl et Nouvel-An, ...<\/p>\n<p><a href=\"https:\/\/www.facebook.com\/pharmacieparvais\"><img loading=\"lazy\" decoding=\"async\" class=\"wp-image-9175 alignleft\" src=\"https:\/\/testpharmacieparvais.mimaandcs.be\/wp-content\/uploads\/2020\/05\/logo-facebook-150x150.png\" alt=\"\" width=\"44\" height=\"44\" srcset=\"https:\/\/www.pharmacieparvais.com\/wp-content\/uploads\/2020\/05\/logo-facebook-150x150.png 150w, https:\/\/www.pharmacieparvais.com\/wp-content\/uploads\/2020\/05\/logo-facebook-300x300.png 300w, https:\/\/www.pharmacieparvais.com\/wp-content\/uploads\/2020\/05\/logo-facebook-100x100.png 100w, https:\/\/www.pharmacieparvais.com\/wp-content\/uploads\/2020\/05\/logo-facebook.png 512w\" sizes=\"auto, (max-width: 44px) 100vw, 44px\" \/><\/a><br \/>\n<strong><span style=\"color: #0f5187;\">facebook.com\/pharmacieparvais<\/span><\/strong><\/p>\n<p>&nbsp;<\/p>\n<\/div>\n<\/div><\/div><\/div><\/div><\/div>","protected":false},"excerpt":{"rendered":"<p>La pharmacie Parvais vous permet de mieux comptabiliser vos remises gr\u00e2ce \u00e0 la carte Pharma-Pass qui vous est offerte gratuitement. Vous pouvez photocopier le code barre de la carte Pharma-Pass et le coller sur une autre carte, ou l\u2019int\u00e9grer dans votre t\u00e9l\u00e9phone portable. Cela permet \u00e0 chaque membre de votre famille de globaliser les avantages [&hellip;]<\/p>\n","protected":false},"author":1,"featured_media":9377,"parent":110,"menu_order":0,"comment_status":"closed","ping_status":"closed","template":"","meta":{"footnotes":""},"class_list":["post-6393","page","type-page","status-publish","has-post-thumbnail","hentry"],"_links":{"self":[{"href":"https:\/\/www.pharmacieparvais.com\/index.php\/wp-json\/wp\/v2\/pages\/6393","targetHints":{"allow":["GET"]}}],"collection":[{"href":"https:\/\/www.pharmacieparvais.com\/index.php\/wp-json\/wp\/v2\/pages"}],"about":[{"href":"https:\/\/www.pharmacieparvais.com\/index.php\/wp-json\/wp\/v2\/types\/page"}],"author":[{"embeddable":true,"href":"https:\/\/www.pharmacieparvais.com\/index.php\/wp-json\/wp\/v2\/users\/1"}],"replies":[{"embeddable":true,"href":"https:\/\/www.pharmacieparvais.com\/index.php\/wp-json\/wp\/v2\/comments?post=6393"}],"version-history":[{"count":15,"href":"https:\/\/www.pharmacieparvais.com\/index.php\/wp-json\/wp\/v2\/pages\/6393\/revisions"}],"predecessor-version":[{"id":9667,"href":"https:\/\/www.pharmacieparvais.com\/index.php\/wp-json\/wp\/v2\/pages\/6393\/revisions\/9667"}],"up":[{"embeddable":true,"href":"https:\/\/www.pharmacieparvais.com\/index.php\/wp-json\/wp\/v2\/pages\/110"}],"wp:featuredmedia":[{"embeddable":true,"href":"https:\/\/www.pharmacieparvais.com\/index.php\/wp-json\/wp\/v2\/media\/9377"}],"wp:attachment":[{"href":"https:\/\/www.pharmacieparvais.com\/index.php\/wp-json\/wp\/v2\/media?parent=6393"}],"curies":[{"name":"wp","href":"https:\/\/api.w.org\/{rel}","templated":true}]}}