{"id":6266,"date":"2015-12-21T19:42:46","date_gmt":"2015-12-21T19:42:46","guid":{"rendered":"http:\/\/export-xml.qreativethemes.com\/physio\/?page_id=6266"},"modified":"2020-07-22T23:59:29","modified_gmt":"2020-07-22T21:59:29","slug":"recyclage","status":"publish","type":"page","link":"https:\/\/www.pharmacieparvais.com\/index.php\/services\/recyclage\/","title":{"rendered":"Recyclage et p\u00e9rim\u00e9s"},"content":{"rendered":"<div id=\"pl-6266\"  class=\"panel-layout\" ><div id=\"pg-6266-0\"  class=\"panel-grid panel-no-style\" ><div id=\"pgc-6266-0-0\"  class=\"panel-grid-cell\" ><div id=\"panel-6266-0-0-0\" class=\"so-panel widget widget_sow-editor panel-first-child panel-last-child\" data-index=\"0\" ><div\n\t\t\t\n\t\t\tclass=\"so-widget-sow-editor so-widget-sow-editor-base\"\n\t\t\t\n\t\t>\n<div class=\"siteorigin-widget-tinymce textwidget\">\n\t<p style=\"padding-left: 40px;\"><img loading=\"lazy\" decoding=\"async\" class=\"alignnone size-medium wp-image-8341\" src=\"https:\/\/testpharmacieparvais.mimaandcs.be\/wp-content\/uploads\/2020\/03\/recyclage-300x106.jpg\" alt=\"\" width=\"300\" height=\"106\" srcset=\"https:\/\/www.pharmacieparvais.com\/wp-content\/uploads\/2020\/03\/recyclage-300x106.jpg 300w, https:\/\/www.pharmacieparvais.com\/wp-content\/uploads\/2020\/03\/recyclage.jpg 500w\" sizes=\"auto, (max-width: 300px) 100vw, 300px\" \/><\/p>\n<p>Les m\u00e9dicaments ne sont pas des produits comme les autres et les m\u00e9dicaments non utilis\u00e9s ou p\u00e9rim\u00e9s ne sont donc pas non plus des d\u00e9chets comme les\u00a0autres !<\/p>\n<p><span style=\"font-size: 18px;\">\u26d4<\/span> Il est <u>interdit<\/u> :<\/p>\n<ul>\n<li>de jeter des m\u00e9dicaments\u00a0p\u00e9rim\u00e9s ou non utilis\u00e9s dans les toilettes, \u00e9viers ... \u27a1\ufe0f\u00a0Nocif pour l\u2019environnement<\/li>\n<li>de les jeter \u00e0 la poubelle \u27a1\ufe0f danger pour les enfants, pour les animaux, ...<\/li>\n<li>de les d\u00e9poser dans les recy-parcs (except\u00e9 celui de Braine l'Alleud).<\/li>\n<\/ul>\n<p style=\"padding-left: 40px;\"><span style=\"font-size: 16px; color: #5fb844;\"><strong>Deux gestes simples\u00a0et gratuits : triez et d\u00e9posez \u00e0 la pharmacie.\u00a0<\/strong><\/span><\/p>\n<ol>\n<li><strong>\u00a0<u>Tenez votre armoire \u00e0 pharmacie \u00e0 l\u2019\u0153il\u00a0\ud83d\udc40<\/u><\/strong>\u00a0<strong>:\u00a0<\/strong><strong>un geste important pour votre sant\u00e9<\/strong><\/li>\n<\/ol>\n<ul>\n<li>Ne gardez pas les m\u00e9dicaments p\u00e9rim\u00e9s chez vous. Ils sont potentiellement dangereux.<\/li>\n<li>Evitez de conserver des m\u00e9dicaments que vous n\u2019utilisez\u00a0plus. Certains traitements prescrits n\u2019exigent pas de terminer la\u00a0bo\u00eete ou le flacon. Ces m\u00e9dicaments, qui vous ont \u00e9t\u00e9 prescrits par votre m\u00e9decin\u00a0ou conseill\u00e9s par votre pharmacien dans une situation bien pr\u00e9cise, peuvent \u00eatre\u00a0inadapt\u00e9s, voire dangereux pour d\u2019autres usages.<\/li>\n<li>Certains m\u00e9dicaments ont aussi une\u00a0dur\u00e9e de conservation limit\u00e9e apr\u00e8s ouverture. ex. : antibiotique, collyre ...<\/li>\n<\/ul>\n<p>\u27a1\ufe0f Contr\u00f4lez r\u00e9guli\u00e8rement votre\u00a0armoire \u00e0 pharmacie et retirez-en les m\u00e9dicaments que vous n\u2019utilisez plus.<\/p>\n<ol start=\"2\">\n<li><strong><u>D\u00e9posez-nous, tri\u00e9s dans des emballages s\u00e9par\u00e9s, les produits suivants.\u00a0<\/u><\/strong>Ils seront soit d\u00e9truits, soit revaloris\u00e9s.<strong><u><br \/>\n<\/u><\/strong><\/li>\n<\/ol>\n<p>\u2705\u00a0<u>Les m\u00e9dicaments\u00a0<strong>p\u00e9rim\u00e9s<\/strong>\u00a0utilis\u00e9s ou non utilis\u00e9s,\u00a0<\/u><span style=\"color: #5fb844;\"><strong>sans boite et sans notice :<\/strong><\/span><\/p>\n<p><img loading=\"lazy\" decoding=\"async\" class=\"wp-image-9860 alignleft\" src=\"https:\/\/www.pharmacieparvais.com\/wp-content\/uploads\/2020\/07\/comprime.png\" alt=\"\" width=\"59\" height=\"60\" srcset=\"https:\/\/www.pharmacieparvais.com\/wp-content\/uploads\/2020\/07\/comprime.png 103w, https:\/\/www.pharmacieparvais.com\/wp-content\/uploads\/2020\/07\/comprime-100x100.png 100w\" sizes=\"auto, (max-width: 59px) 100vw, 59px\" \/>Les comprim\u00e9s, les suppositoires, les g\u00e9lules dans leur blister ou leur flacon<\/p>\n<p><img loading=\"lazy\" decoding=\"async\" class=\" wp-image-9234 alignleft\" src=\"https:\/\/testpharmacieparvais.mimaandcs.be\/wp-content\/uploads\/2020\/06\/sirop.png\" alt=\"\" width=\"63\" height=\"64\" srcset=\"https:\/\/www.pharmacieparvais.com\/wp-content\/uploads\/2020\/06\/sirop.png 103w, https:\/\/www.pharmacieparvais.com\/wp-content\/uploads\/2020\/06\/sirop-100x100.png 100w\" sizes=\"auto, (max-width: 63px) 100vw, 63px\" \/><\/p>\n<p>Les restes de sirops et de m\u00e9dicaments liquides dans leur flacon : gouttes pour les yeux, le nez \u2026<\/p>\n<p><img loading=\"lazy\" decoding=\"async\" class=\" wp-image-9230 alignleft\" src=\"https:\/\/testpharmacieparvais.mimaandcs.be\/wp-content\/uploads\/2020\/06\/patch.png\" alt=\"\" width=\"59\" height=\"60\" srcset=\"https:\/\/www.pharmacieparvais.com\/wp-content\/uploads\/2020\/06\/patch.png 103w, https:\/\/www.pharmacieparvais.com\/wp-content\/uploads\/2020\/06\/patch-100x100.png 100w\" sizes=\"auto, (max-width: 59px) 100vw, 59px\" \/><\/p>\n<p>Les patches non utilis\u00e9s<\/p>\n<p><img loading=\"lazy\" decoding=\"async\" class=\" wp-image-9237 alignleft\" src=\"https:\/\/testpharmacieparvais.mimaandcs.be\/wp-content\/uploads\/2020\/06\/tube.png\" alt=\"\" width=\"57\" height=\"58\" srcset=\"https:\/\/www.pharmacieparvais.com\/wp-content\/uploads\/2020\/06\/tube.png 103w, https:\/\/www.pharmacieparvais.com\/wp-content\/uploads\/2020\/06\/tube-100x100.png 100w\" sizes=\"auto, (max-width: 57px) 100vw, 57px\" \/><\/p>\n<p>Les tubes de pommade entam\u00e9s<\/p>\n<p><img loading=\"lazy\" decoding=\"async\" class=\" wp-image-9226 alignleft\" src=\"https:\/\/testpharmacieparvais.mimaandcs.be\/wp-content\/uploads\/2020\/06\/aerosol.png\" alt=\"\" width=\"53\" height=\"54\" srcset=\"https:\/\/www.pharmacieparvais.com\/wp-content\/uploads\/2020\/06\/aerosol.png 103w, https:\/\/www.pharmacieparvais.com\/wp-content\/uploads\/2020\/06\/aerosol-100x100.png 100w\" sizes=\"auto, (max-width: 53px) 100vw, 53px\" \/><\/p>\n<p>Les sprays et a\u00e9rosols<\/p>\n<p>&nbsp;<\/p>\n<p>&nbsp;<\/p>\n<p>Nous placerons ces m\u00e9dicaments dans des\u00a0bo\u00eetes pr\u00e9vues \u00e0 cet effet. Celles-ci sont ensuite collect\u00e9es avant d\u2019\u00eatre achemin\u00e9es vers un centre habilit\u00e9 qui en assurera la destruction.<\/p>\n<p>\u2705\u00a0<u>Les m\u00e9dicaments <strong>non p\u00e9rim\u00e9s<\/strong><\/u>\u00a0: conserv\u00e9s dans de bonnes conditions et dans leur boite d'origine avec notice, peuvent \u00eatre ramen\u00e9s s\u00e9par\u00e9ment \u00e0 la pharmacie. Ils seront valoris\u00e9s par le corps m\u00e9dical de diff\u00e9rentes ONG ou utilis\u00e9s pour l'officine P\u00e9dagogique de la Facult\u00e9 de Pharmacie de l'ULB.<\/p>\n<p>\u2705\u00a0<u>Les radiographies<\/u> : avec l\u2019accord de votre m\u00e9decin traitant, remettez-nous vos radiographies obsol\u00e8tes, sans les donn\u00e9es personnelles et sans l'enveloppe. Le recyclage de l'\u00e9mulsion argentique permet la subvention du projet humanitaire, \"Terres Nouvelles\" en Ha\u00efti. <a href=\"\/wp-content\/uploads\/2020\/06\/radios.pdf\">Voir l'annonce en pdf<\/a><\/p>\n<p>\u2705\u00a0<u>Les montures de lunettes et les verres <\/u>en bon \u00e9tat seront remis \u00e0 la Ligue Braille qui les utilisera \u00e0 bon escient, apr\u00e8s contr\u00f4le optimal, pour de nombreux projets humanitaires.<\/p>\n<p><strong>\u274c\u00a0<u>Nous NE REPRENONS PAS :<\/u><\/strong><\/p>\n<p>\u26aa Les bouteilles vides en verre (sirop ...)\u00a0\ud83d\uddd1\u00a0Bulle \u00e0 verres (vides et propres)<\/p>\n<p>\ud83d\udce6 Les notices et boites cartons des m\u00e9dicaments\u00a0\ud83d\uddd1 Recy-parc ou tri s\u00e9lectif<\/p>\n<p>\ud83d\udc8a Les blisters et emballages plastiques vides\u00a0\ud83d\uddd1 Sac poubelle blanc<\/p>\n<p>\ud83d\udc89 Les seringues \ud83d\uddd1 les placer dans une bouteille plastique et les jeter dans le sac poubelle blanc ou recy-parc<\/p>\n<p style=\"text-align: left;\">\ud83d\udc84 Les restes de produits cosm\u00e9tiques\ud83d\uddd1Sac poubelle blanc<\/p>\n<p style=\"text-align: left;\">\ud83c\udf72 Les alimentations particuli\u00e8res, adultes et b\u00e9b\u00e9s \ud83d\uddd1 Sac poubelle blanc ou compost<\/p>\n<p>N\u2019oubliez pas de venir avec votre sac r\u00e9utilisable pour emporter vos m\u00e9dicaments. Merci d\u2019y penser !<\/p>\n<p>Pour en savoir plus en un coup d'oeil :<\/p>\n<p><a href=\"https:\/\/youtu.be\/_9stL4QtDOk\"><img loading=\"lazy\" decoding=\"async\" class=\"alignnone wp-image-9855 size-full\" src=\"https:\/\/www.pharmacieparvais.com\/wp-content\/uploads\/2020\/07\/medicament-perime1.jpg\" alt=\"\" width=\"800\" height=\"375\" srcset=\"https:\/\/www.pharmacieparvais.com\/wp-content\/uploads\/2020\/07\/medicament-perime1.jpg 800w, https:\/\/www.pharmacieparvais.com\/wp-content\/uploads\/2020\/07\/medicament-perime1-300x141.jpg 300w, https:\/\/www.pharmacieparvais.com\/wp-content\/uploads\/2020\/07\/medicament-perime1-768x360.jpg 768w, https:\/\/www.pharmacieparvais.com\/wp-content\/uploads\/2020\/07\/medicament-perime1-600x281.jpg 600w\" sizes=\"auto, (max-width: 800px) 100vw, 800px\" \/><\/a><\/p>\n<\/div>\n<\/div><\/div><\/div><\/div><\/div>","protected":false},"excerpt":{"rendered":"<p>Les m\u00e9dicaments ne sont pas des produits comme les autres et les m\u00e9dicaments non utilis\u00e9s ou p\u00e9rim\u00e9s ne sont donc pas non plus des d\u00e9chets comme les\u00a0autres ! \u26d4 Il est interdit : de jeter des m\u00e9dicaments\u00a0p\u00e9rim\u00e9s ou non utilis\u00e9s dans les toilettes, \u00e9viers &#8230; \u27a1\ufe0f\u00a0Nocif pour l\u2019environnement de les jeter \u00e0 la poubelle \u27a1\ufe0f [&hellip;]<\/p>\n","protected":false},"author":1,"featured_media":9858,"parent":110,"menu_order":0,"comment_status":"closed","ping_status":"closed","template":"","meta":{"footnotes":""},"class_list":["post-6266","page","type-page","status-publish","has-post-thumbnail","hentry"],"_links":{"self":[{"href":"https:\/\/www.pharmacieparvais.com\/index.php\/wp-json\/wp\/v2\/pages\/6266","targetHints":{"allow":["GET"]}}],"collection":[{"href":"https:\/\/www.pharmacieparvais.com\/index.php\/wp-json\/wp\/v2\/pages"}],"about":[{"href":"https:\/\/www.pharmacieparvais.com\/index.php\/wp-json\/wp\/v2\/types\/page"}],"author":[{"embeddable":true,"href":"https:\/\/www.pharmacieparvais.com\/index.php\/wp-json\/wp\/v2\/users\/1"}],"replies":[{"embeddable":true,"href":"https:\/\/www.pharmacieparvais.com\/index.php\/wp-json\/wp\/v2\/comments?post=6266"}],"version-history":[{"count":47,"href":"https:\/\/www.pharmacieparvais.com\/index.php\/wp-json\/wp\/v2\/pages\/6266\/revisions"}],"predecessor-version":[{"id":9909,"href":"https:\/\/www.pharmacieparvais.com\/index.php\/wp-json\/wp\/v2\/pages\/6266\/revisions\/9909"}],"up":[{"embeddable":true,"href":"https:\/\/www.pharmacieparvais.com\/index.php\/wp-json\/wp\/v2\/pages\/110"}],"wp:featuredmedia":[{"embeddable":true,"href":"https:\/\/www.pharmacieparvais.com\/index.php\/wp-json\/wp\/v2\/media\/9858"}],"wp:attachment":[{"href":"https:\/\/www.pharmacieparvais.com\/index.php\/wp-json\/wp\/v2\/media?parent=6266"}],"curies":[{"name":"wp","href":"https:\/\/api.w.org\/{rel}","templated":true}]}}