{"id":6263,"date":"2015-12-21T19:42:19","date_gmt":"2015-12-21T19:42:19","guid":{"rendered":"http:\/\/export-xml.qreativethemes.com\/physio\/?page_id=6263"},"modified":"2020-07-22T23:01:59","modified_gmt":"2020-07-22T21:01:59","slug":"cosmetiques","status":"publish","type":"page","link":"https:\/\/www.pharmacieparvais.com\/index.php\/services\/cosmetiques\/","title":{"rendered":"Nos gammes de cosm\u00e9tiques"},"content":{"rendered":"<div id=\"pl-6263\"  class=\"panel-layout\" ><div id=\"pg-6263-0\"  class=\"panel-grid panel-no-style\" ><div id=\"pgc-6263-0-0\"  class=\"panel-grid-cell\" ><div id=\"panel-6263-0-0-0\" class=\"so-panel widget widget_sow-editor panel-first-child panel-last-child\" data-index=\"0\" ><div\n\t\t\t\n\t\t\tclass=\"so-widget-sow-editor so-widget-sow-editor-base\"\n\t\t\t\n\t\t>\n<div class=\"siteorigin-widget-tinymce textwidget\">\n\t<p><span style=\"font-size: 16px; color: #339966;\"><strong>Parce que votre peau est unique ...<\/strong><\/span><\/p>\n<p>... nous vous proposons des <strong>gammes cosm\u00e9tiques s\u00e9lectionn\u00e9es<\/strong> pour la diversit\u00e9 et les qualit\u00e9s de leurs produits et ainsi r\u00e9pondre \u00e0 chacune de vos sp\u00e9cificit\u00e9s.<\/p>\n<p>Certaines gammes proposent des produits bios, avec ou sans parfum, respectueux de l'environnement et des oc\u00e9ans. Nous y sommes tr\u00e8s attentifs.<\/p>\n<p>Nous avons \u00e9galement d\u00e9velopp\u00e9 notre <strong>propre gamme \u00ab\u00a0maison\u00a0\u00bb<\/strong> de produits de soin \u00e0 base majoritairement d'huiles v\u00e9g\u00e9tales bios et d\u2019huiles essentielles.<\/p>\n<p>Nous avons fait le choix de ne pas exposer les gammes compl\u00e8tes sur des pr\u00e9sentoirs de vente dans l'officine. Notre m\u00e9tier est de vous donner un conseil scientifique avis\u00e9 en fonction de vos sp\u00e9cificit\u00e9s d'\u00e2ge, de votre type de peau et en ad\u00e9quation avec votre \u00e9ventuel traitement chronique et non pas de provoquer des achats impulsifs et non appropri\u00e9s.<\/p>\n<p>Toutes les autres marques de cosm\u00e9tiques d\u00e9livr\u00e9es en pharmacie sont bien-entendu disponibles dans un d\u00e9lai optimal.<\/p>\n<p>Une\u00a0<strong>remise<\/strong> de 10 \u00e0 30 % est octroy\u00e9e\u00a0directement sur nos gammes de cosm\u00e9tiques de r\u00e9f\u00e9rence.<\/p>\n<p>Suivez-nous \u00e9galement sur Facebook \"Pharmacie Parvais\" pour \u00eatre inform\u00e9s de nos offres avantageuses r\u00e9guli\u00e8res : promotions saisonni\u00e8res, Saint Valentin, f\u00eate des M\u00e8res, f\u00eate des P\u00e8res, Saint-Nicolas, No\u00ebl et Nouvel-An, ...<\/p>\n<p>Nous r\u00e9alisons \u00e9galement de beaux emballages \u00ab\u00a0cadeaux\u00a0\u00bb pour vos achats festifs et nous vous proposons des \u00e9chantillons afin que vous puissiez s\u00e9lectionner le soin qui vous convient le mieux.<\/p>\n<p>Cliquez sur les logos pour consulter les sites internet des laboratoires.<\/p>\n<p><a href=\"\/index.php\/product-category\/beaute-bien-etre\/\" target=\"_blank\" rel=\"noopener\"><img loading=\"lazy\" decoding=\"async\" class=\"alignnone size-thumbnail wp-image-9336\" src=\"https:\/\/testpharmacieparvais.mimaandcs.be\/wp-content\/uploads\/2020\/06\/cosmetique-150x150.jpg\" alt=\"\" width=\"150\" height=\"150\" srcset=\"https:\/\/www.pharmacieparvais.com\/wp-content\/uploads\/2020\/06\/cosmetique-150x150.jpg 150w, https:\/\/www.pharmacieparvais.com\/wp-content\/uploads\/2020\/06\/cosmetique.jpg 300w, https:\/\/www.pharmacieparvais.com\/wp-content\/uploads\/2020\/06\/cosmetique-100x100.jpg 100w\" sizes=\"auto, (max-width: 150px) 100vw, 150px\" \/><\/a>\u00a0 \u00a0 \u00a0 \u00a0 \u00a0 \u00a0\u00a0<a href=\"https:\/\/www.louis-widmer.com\/fr_BE\/\" target=\"_blank\" rel=\"noopener\"><img loading=\"lazy\" decoding=\"async\" class=\"alignnone wp-image-8357\" src=\"https:\/\/testpharmacieparvais.mimaandcs.be\/wp-content\/uploads\/2020\/03\/louis-widmer-300x84.jpg\" alt=\"\" width=\"236\" height=\"66\" srcset=\"https:\/\/www.pharmacieparvais.com\/wp-content\/uploads\/2020\/03\/louis-widmer-300x84.jpg 300w, https:\/\/www.pharmacieparvais.com\/wp-content\/uploads\/2020\/03\/louis-widmer-768x215.jpg 768w, https:\/\/www.pharmacieparvais.com\/wp-content\/uploads\/2020\/03\/louis-widmer-600x168.jpg 600w, https:\/\/www.pharmacieparvais.com\/wp-content\/uploads\/2020\/03\/louis-widmer.jpg 800w\" sizes=\"auto, (max-width: 236px) 100vw, 236px\" \/><\/a>\u00a0 \u00a0 \u00a0 \u00a0 \u00a0 \u00a0 \u00a0 \u00a0\u00a0<a href=\"https:\/\/www.maisonroyer.fr\/fr\/\" target=\"_blank\" rel=\"noopener\"><img loading=\"lazy\" decoding=\"async\" class=\"alignnone wp-image-9065\" src=\"https:\/\/testpharmacieparvais.mimaandcs.be\/wp-content\/uploads\/2020\/05\/royer-300x300.jpg\" alt=\"\" width=\"123\" height=\"123\" srcset=\"https:\/\/www.pharmacieparvais.com\/wp-content\/uploads\/2020\/05\/royer.jpg 300w, https:\/\/www.pharmacieparvais.com\/wp-content\/uploads\/2020\/05\/royer-150x150.jpg 150w, https:\/\/www.pharmacieparvais.com\/wp-content\/uploads\/2020\/05\/royer-100x100.jpg 100w\" sizes=\"auto, (max-width: 123px) 100vw, 123px\" \/>\u00a0<\/a><\/p>\n<p><a href=\"https:\/\/www.maisonroyer.fr\/fr\/\" target=\"_blank\" rel=\"noopener\">\u00a0 <\/a><a href=\"https:\/\/www.eau-thermale-avene.be\/fr_BE\" target=\"_blank\" rel=\"noopener\"><img loading=\"lazy\" decoding=\"async\" class=\"alignnone wp-image-8346\" src=\"https:\/\/testpharmacieparvais.mimaandcs.be\/wp-content\/uploads\/2020\/03\/avene-300x126.jpg\" alt=\"\" width=\"219\" height=\"92\" srcset=\"https:\/\/www.pharmacieparvais.com\/wp-content\/uploads\/2020\/03\/avene-300x126.jpg 300w, https:\/\/www.pharmacieparvais.com\/wp-content\/uploads\/2020\/03\/avene-1024x429.jpg 1024w, https:\/\/www.pharmacieparvais.com\/wp-content\/uploads\/2020\/03\/avene-768x322.jpg 768w, https:\/\/www.pharmacieparvais.com\/wp-content\/uploads\/2020\/03\/avene-600x252.jpg 600w, https:\/\/www.pharmacieparvais.com\/wp-content\/uploads\/2020\/03\/avene.jpg 1078w\" sizes=\"auto, (max-width: 219px) 100vw, 219px\" \/> \u00a0 \u00a0 \u00a0<\/a>\u00a0 \u00a0<a href=\"https:\/\/www.aderma.fr\/fr-fr\" target=\"_blank\" rel=\"noopener\"><img loading=\"lazy\" decoding=\"async\" class=\"alignnone wp-image-8355\" src=\"https:\/\/testpharmacieparvais.mimaandcs.be\/wp-content\/uploads\/2020\/03\/aderma-logo-300x300.png\" alt=\"\" width=\"150\" height=\"150\" srcset=\"https:\/\/www.pharmacieparvais.com\/wp-content\/uploads\/2020\/03\/aderma-logo-300x300.png 300w, https:\/\/www.pharmacieparvais.com\/wp-content\/uploads\/2020\/03\/aderma-logo.png 1024w, https:\/\/www.pharmacieparvais.com\/wp-content\/uploads\/2020\/03\/aderma-logo-150x150.png 150w, https:\/\/www.pharmacieparvais.com\/wp-content\/uploads\/2020\/03\/aderma-logo-768x768.png 768w, https:\/\/www.pharmacieparvais.com\/wp-content\/uploads\/2020\/03\/aderma-logo-600x600.png 600w, https:\/\/www.pharmacieparvais.com\/wp-content\/uploads\/2020\/03\/aderma-logo-100x100.png 100w\" sizes=\"auto, (max-width: 150px) 100vw, 150px\" \/><\/a>\u00a0 \u00a0 \u00a0 \u00a0 \u00a0 \u00a0<a href=\"https:\/\/www.uriage.com\/BE\/fr\" target=\"_blank\" rel=\"noopener\"><img loading=\"lazy\" decoding=\"async\" class=\"wp-image-9064 alignnone\" src=\"https:\/\/testpharmacieparvais.mimaandcs.be\/wp-content\/uploads\/2020\/05\/uriage-300x107.png\" alt=\"\" width=\"219\" height=\"78\" srcset=\"https:\/\/www.pharmacieparvais.com\/wp-content\/uploads\/2020\/05\/uriage-300x107.png 300w, https:\/\/www.pharmacieparvais.com\/wp-content\/uploads\/2020\/05\/uriage.png 376w\" sizes=\"auto, (max-width: 219px) 100vw, 219px\" \/><\/a><\/p>\n<p><a href=\"https:\/\/www.vichy.be\/fr\/\" target=\"_blank\" rel=\"noopener\"><img loading=\"lazy\" decoding=\"async\" class=\"alignnone wp-image-8356\" src=\"https:\/\/testpharmacieparvais.mimaandcs.be\/wp-content\/uploads\/2020\/03\/vichy-300x180.png\" alt=\"\" width=\"180\" height=\"108\" srcset=\"https:\/\/www.pharmacieparvais.com\/wp-content\/uploads\/2020\/03\/vichy-300x180.png 300w, https:\/\/www.pharmacieparvais.com\/wp-content\/uploads\/2020\/03\/vichy-600x360.png 600w, https:\/\/www.pharmacieparvais.com\/wp-content\/uploads\/2020\/03\/vichy.png 719w\" sizes=\"auto, (max-width: 180px) 100vw, 180px\" \/><\/a>\u00a0 \u00a0 \u00a0 \u00a0 \u00a0 \u00a0 <a href=\"https:\/\/www.ducray.com\/fr-fr\" target=\"_blank\" rel=\"noopener\"><img loading=\"lazy\" decoding=\"async\" class=\"alignnone wp-image-8345\" src=\"https:\/\/testpharmacieparvais.mimaandcs.be\/wp-content\/uploads\/2020\/03\/Ducray-300x78.png\" alt=\"\" width=\"242\" height=\"63\" srcset=\"https:\/\/www.pharmacieparvais.com\/wp-content\/uploads\/2020\/03\/Ducray-300x78.png 300w, https:\/\/www.pharmacieparvais.com\/wp-content\/uploads\/2020\/03\/Ducray-768x200.png 768w, https:\/\/www.pharmacieparvais.com\/wp-content\/uploads\/2020\/03\/Ducray-600x156.png 600w, https:\/\/www.pharmacieparvais.com\/wp-content\/uploads\/2020\/03\/Ducray.png 845w\" sizes=\"auto, (max-width: 242px) 100vw, 242px\" \/><\/a>\u00a0 \u00a0 \u00a0<a href=\"https:\/\/www.laroche-posay.be\/fr\/\" target=\"_blank\" rel=\"noopener\"><img loading=\"lazy\" decoding=\"async\" class=\"alignnone wp-image-8350\" src=\"https:\/\/testpharmacieparvais.mimaandcs.be\/wp-content\/uploads\/2020\/03\/larocheposay_canva-2-300x137.jpg\" alt=\"\" width=\"204\" height=\"93\" srcset=\"https:\/\/www.pharmacieparvais.com\/wp-content\/uploads\/2020\/03\/larocheposay_canva-2-300x137.jpg 300w, https:\/\/www.pharmacieparvais.com\/wp-content\/uploads\/2020\/03\/larocheposay_canva-2-1024x468.jpg 1024w, https:\/\/www.pharmacieparvais.com\/wp-content\/uploads\/2020\/03\/larocheposay_canva-2-768x351.jpg 768w, https:\/\/www.pharmacieparvais.com\/wp-content\/uploads\/2020\/03\/larocheposay_canva-2-600x274.jpg 600w, https:\/\/www.pharmacieparvais.com\/wp-content\/uploads\/2020\/03\/larocheposay_canva-2.jpg 1297w\" sizes=\"auto, (max-width: 204px) 100vw, 204px\" \/><\/a><\/p>\n<p><a href=\"https:\/\/www.laboratoires-biarritz.com\/fr\/\" target=\"_blank\" rel=\"noopener\"><img loading=\"lazy\" decoding=\"async\" class=\"alignnone size-full wp-image-9066\" src=\"https:\/\/testpharmacieparvais.mimaandcs.be\/wp-content\/uploads\/2020\/05\/biarritz.jpg\" alt=\"\" width=\"200\" height=\"164\" \/><\/a>\u00a0 \u00a0 \u00a0 <a href=\"https:\/\/www.mustela.be\/fr\" target=\"_blank\" rel=\"noopener\"><img loading=\"lazy\" decoding=\"async\" class=\"alignnone size-full wp-image-8352\" src=\"https:\/\/testpharmacieparvais.mimaandcs.be\/wp-content\/uploads\/2020\/03\/Mustela-pt.jpg\" alt=\"\" width=\"200\" height=\"62\" \/><\/a>\u00a0 \u00a0 \u00a0 \u00a0\u00a0 \u00a0 \u00a0\u00a0<a href=\"https:\/\/www.isdin.com\/fr-BE\/\" target=\"_blank\" rel=\"noopener\"><img loading=\"lazy\" decoding=\"async\" class=\"alignnone wp-image-9068\" src=\"https:\/\/testpharmacieparvais.mimaandcs.be\/wp-content\/uploads\/2020\/05\/logo_isdin-300x101.png\" alt=\"\" width=\"258\" height=\"87\" srcset=\"https:\/\/www.pharmacieparvais.com\/wp-content\/uploads\/2020\/05\/logo_isdin-300x101.png 300w, https:\/\/www.pharmacieparvais.com\/wp-content\/uploads\/2020\/05\/logo_isdin.png 322w\" sizes=\"auto, (max-width: 258px) 100vw, 258px\" \/><\/a><\/p>\n<p>&nbsp;<\/p>\n<p>&nbsp;<\/p>\n<\/div>\n<\/div><\/div><\/div><\/div><\/div>","protected":false},"excerpt":{"rendered":"<p>Parce que votre peau est unique &#8230; &#8230; nous vous proposons des gammes cosm\u00e9tiques s\u00e9lectionn\u00e9es pour la diversit\u00e9 et les qualit\u00e9s de leurs produits et ainsi r\u00e9pondre \u00e0 chacune de vos sp\u00e9cificit\u00e9s. Certaines gammes proposent des produits bios, avec ou sans parfum, respectueux de l&#8217;environnement et des oc\u00e9ans. Nous y sommes tr\u00e8s attentifs. Nous avons [&hellip;]<\/p>\n","protected":false},"author":1,"featured_media":9848,"parent":110,"menu_order":0,"comment_status":"closed","ping_status":"closed","template":"","meta":{"footnotes":""},"class_list":["post-6263","page","type-page","status-publish","has-post-thumbnail","hentry"],"_links":{"self":[{"href":"https:\/\/www.pharmacieparvais.com\/index.php\/wp-json\/wp\/v2\/pages\/6263","targetHints":{"allow":["GET"]}}],"collection":[{"href":"https:\/\/www.pharmacieparvais.com\/index.php\/wp-json\/wp\/v2\/pages"}],"about":[{"href":"https:\/\/www.pharmacieparvais.com\/index.php\/wp-json\/wp\/v2\/types\/page"}],"author":[{"embeddable":true,"href":"https:\/\/www.pharmacieparvais.com\/index.php\/wp-json\/wp\/v2\/users\/1"}],"replies":[{"embeddable":true,"href":"https:\/\/www.pharmacieparvais.com\/index.php\/wp-json\/wp\/v2\/comments?post=6263"}],"version-history":[{"count":29,"href":"https:\/\/www.pharmacieparvais.com\/index.php\/wp-json\/wp\/v2\/pages\/6263\/revisions"}],"predecessor-version":[{"id":9905,"href":"https:\/\/www.pharmacieparvais.com\/index.php\/wp-json\/wp\/v2\/pages\/6263\/revisions\/9905"}],"up":[{"embeddable":true,"href":"https:\/\/www.pharmacieparvais.com\/index.php\/wp-json\/wp\/v2\/pages\/110"}],"wp:featuredmedia":[{"embeddable":true,"href":"https:\/\/www.pharmacieparvais.com\/index.php\/wp-json\/wp\/v2\/media\/9848"}],"wp:attachment":[{"href":"https:\/\/www.pharmacieparvais.com\/index.php\/wp-json\/wp\/v2\/media?parent=6263"}],"curies":[{"name":"wp","href":"https:\/\/api.w.org\/{rel}","templated":true}]}}