{"id":55,"date":"2015-11-25T22:45:50","date_gmt":"2015-11-25T22:45:50","guid":{"rendered":"http:\/\/export-xml.qreativethemes.com\/physio\/?page_id=55"},"modified":"2024-05-03T09:27:02","modified_gmt":"2024-05-03T07:27:02","slug":"home","status":"publish","type":"page","link":"https:\/\/www.pharmacieparvais.com\/","title":{"rendered":"Home"},"content":{"rendered":"<div id=\"pl-55\"  class=\"panel-layout\" ><div id=\"pg-55-0\"  class=\"panel-grid panel-no-style\" ><div id=\"pgc-55-0-0\"  class=\"panel-grid-cell\" ><\/div><\/div><div id=\"pg-55-1\"  class=\"panel-grid panel-no-style\" ><div id=\"pgc-55-1-0\"  class=\"panel-grid-cell\" ><div id=\"panel-55-1-0-0\" class=\"so-panel widget widget_sow-editor panel-first-child panel-last-child\" data-index=\"1\" ><div\n\t\t\t\n\t\t\tclass=\"so-widget-sow-editor so-widget-sow-editor-base\"\n\t\t\t\n\t\t><h3 class=\"widget-title\">Nos pr\u00e9parations \"maison\"<\/h3>\n<div class=\"siteorigin-widget-tinymce textwidget\">\n\t<p><img loading=\"lazy\" decoding=\"async\" class=\"wp-image-8397 alignleft\" src=\"https:\/\/testpharmacieparvais.mimaandcs.be\/wp-content\/uploads\/2020\/03\/Produit-maiosn-ombre-feuille-300x169.jpg\" alt=\"\" width=\"463\" height=\"261\" srcset=\"https:\/\/www.pharmacieparvais.com\/wp-content\/uploads\/2020\/03\/Produit-maiosn-ombre-feuille-300x169.jpg 300w, https:\/\/www.pharmacieparvais.com\/wp-content\/uploads\/2020\/03\/Produit-maiosn-ombre-feuille-1024x576.jpg 1024w, https:\/\/www.pharmacieparvais.com\/wp-content\/uploads\/2020\/03\/Produit-maiosn-ombre-feuille-768x432.jpg 768w, https:\/\/www.pharmacieparvais.com\/wp-content\/uploads\/2020\/03\/Produit-maiosn-ombre-feuille-1536x864.jpg 1536w, https:\/\/www.pharmacieparvais.com\/wp-content\/uploads\/2020\/03\/Produit-maiosn-ombre-feuille-2048x1152.jpg 2048w, https:\/\/www.pharmacieparvais.com\/wp-content\/uploads\/2020\/03\/Produit-maiosn-ombre-feuille-600x338.jpg 600w\" sizes=\"auto, (max-width: 463px) 100vw, 463px\" \/><\/p>\n<p><a href=\"\/index.php\/nos-specialites\/produits\"><a href=\"\/index.php\/nos-specialites\/produits\/\" target=\"_self\" class=\"btn btn-primary\" >Voir nos pr\u00e9parations<\/a><\/a><\/p>\n<\/div>\n<\/div><\/div><\/div><div id=\"pgc-55-1-1\"  class=\"panel-grid-cell\" ><div id=\"panel-55-1-1-0\" class=\"so-panel widget widget_widget_op_overview panel-first-child\" data-index=\"2\" ><div class=\"panel-widget-style panel-widget-style-for-55-1-1-0\" ><h3 class=\"widget-title\">Horaires<\/h3>\n<table class=\"op-table op-table-overview\">\n  \n    <tr class=\"op-row op-row-day highlighted\">\n    <th class=\"op-cell op-cell-heading\" scope=\"row\">lundi \u2013 vendredi<\/th>\n    <td class=\"op-cell op-cell-periods\"><span class=\"op-period-time \">8 h 30 \u2013 18 h 30<\/span><\/td>\n  <\/tr>\n    <tr class=\"op-row op-row-day \">\n    <th class=\"op-cell op-cell-heading\" scope=\"row\">samedi<\/th>\n    <td class=\"op-cell op-cell-periods\"><span class=\"op-period-time \">8 h 30 \u2013 12 h 30<\/span><\/td>\n  <\/tr>\n    <tr class=\"op-row op-row-day \">\n    <th class=\"op-cell op-cell-heading\" scope=\"row\">dimanche<\/th>\n    <td class=\"op-cell op-cell-periods\"><span class=\"op-closed\">Ferm\u00e9<\/span><\/td>\n  <\/tr>\n  <\/table>\n\n<\/div><\/div><div id=\"panel-55-1-1-1\" class=\"so-panel widget widget_sow-editor panel-last-child\" data-index=\"3\" ><div class=\"panel-widget-style panel-widget-style-for-55-1-1-1\" ><div\n\t\t\t\n\t\t\tclass=\"so-widget-sow-editor so-widget-sow-editor-base\"\n\t\t\t\n\t\t><h3 class=\"widget-title\">Contact<\/h3>\n<div class=\"siteorigin-widget-tinymce textwidget\">\n\t<p>Place du Quartier Saint-Jacques 22<br \/>\n1420 Braine-l'Alleud<br \/>\nT\u00e9l : 02.384.46.00<br \/>\nMail : <a href=\"mailto:info@pharmacieparvais.be\">info@pharmacieparvais.be<\/a><\/p>\n<p><a href=\"https:\/\/www.facebook.com\/pharmacieparvais\"><img loading=\"lazy\" decoding=\"async\" class=\"alignnone wp-image-9175\" src=\"https:\/\/testpharmacieparvais.mimaandcs.be\/wp-content\/uploads\/2020\/05\/logo-facebook-150x150.png\" alt=\"facebook\" width=\"29\" height=\"29\" srcset=\"https:\/\/www.pharmacieparvais.com\/wp-content\/uploads\/2020\/05\/logo-facebook-150x150.png 150w, https:\/\/www.pharmacieparvais.com\/wp-content\/uploads\/2020\/05\/logo-facebook-300x300.png 300w, https:\/\/www.pharmacieparvais.com\/wp-content\/uploads\/2020\/05\/logo-facebook-100x100.png 100w, https:\/\/www.pharmacieparvais.com\/wp-content\/uploads\/2020\/05\/logo-facebook.png 512w\" sizes=\"auto, (max-width: 29px) 100vw, 29px\" \/><\/a>\u00a0 \u00a0 <a href=\"\/index.php\/contactez-nous\/\"><img loading=\"lazy\" decoding=\"async\" class=\"alignnone wp-image-9542\" src=\"https:\/\/testpharmacieparvais.mimaandcs.be\/wp-content\/uploads\/2020\/06\/icon-mail.png\" alt=\"\" width=\"31\" height=\"31\" \/><\/a><\/p>\n<\/div>\n<\/div><\/div><\/div><\/div><\/div><div id=\"pg-55-2\"  class=\"panel-grid panel-no-style\" ><div id=\"pgc-55-2-0\"  class=\"panel-grid-cell\" ><div id=\"panel-55-2-0-0\" class=\"so-panel widget widget_qt_feature_page widget-featured-page panel-first-child panel-last-child\" data-index=\"4\" >\n\t\t\t<div class=\"featured-page\">\n\t\t\t\t\t\t\t\t\t<div class=\"featured-page--image\">\n\t\t\t\t\t\t<a href=\"https:\/\/www.pharmacieparvais.com\/index.php\/services\/\">\n\t\t\t\t\t\t\t<img loading=\"lazy\" decoding=\"async\" src=\"https:\/\/www.pharmacieparvais.com\/wp-content\/uploads\/2020\/07\/services-360x240.jpg\" width=\"360\" height=\"240\" srcset=\"https:\/\/www.pharmacieparvais.com\/wp-content\/uploads\/2020\/07\/services-360x240.jpg 360w, https:\/\/www.pharmacieparvais.com\/wp-content\/uploads\/2020\/07\/services-850x567.jpg 850w\" sizes=\"auto, (min-width: 781px) 360px, calc(100vw - 30px)\" alt=\"Nos services\">\n\t\t\t\t\t\t\t<div class=\"featured-page--overlay\">\n\t\t\t\t\t\t\t\t\t\t\t\t\t\t\t\t\t<div class=\"overlay--center\">\n\t\t\t\t\t\t\t\t\t\t<span>Lire plus<\/span>\n\t\t\t\t\t\t\t\t\t<\/div>\n\t\t\t\t\t\t\t\t\t\t\t\t\t\t\t<\/div>\n\t\t\t\t\t\t<\/a>\n\t\t\t\t\t<\/div>\n\t\t\t\t\t\t\t\t<div class=\"featured-page--content\">\n\t\t\t\t\t<h4 class=\"featued-page--title\">\n\t\t\t\t\t\t<a href=\"https:\/\/www.pharmacieparvais.com\/index.php\/services\/\">Nos services<\/a>\n\t\t\t\t\t<\/h4>\n\t\t\t\t\t\t\t\t\t\t\t<p>Retrouvez tous nos services<\/p>\n\t\t\t\t\t\t\t\t\t\t\t\t\t<a href=\"https:\/\/www.pharmacieparvais.com\/index.php\/services\/\" class=\"text-link\">Lire plus<\/a>\n\t\t\t\t\t\t\t\t\t\t\t\t\t\t\t<\/div>\n\t\t\t<\/div>\n\n\t\t\t<\/div><\/div><div id=\"pgc-55-2-1\"  class=\"panel-grid-cell\" ><div id=\"panel-55-2-1-0\" class=\"so-panel widget widget_qt_feature_page widget-featured-page panel-first-child panel-last-child\" data-index=\"5\" >\n\t\t\t<div class=\"featured-page\">\n\t\t\t\t\t\t\t\t\t<div class=\"featured-page--image\">\n\t\t\t\t\t\t<a href=\"https:\/\/www.pharmacieparvais.com\/index.php\/nos-conseils\/\">\n\t\t\t\t\t\t\t<img loading=\"lazy\" decoding=\"async\" src=\"https:\/\/www.pharmacieparvais.com\/wp-content\/uploads\/2020\/06\/conseil2-360x240.jpg\" width=\"360\" height=\"240\" srcset=\"https:\/\/www.pharmacieparvais.com\/wp-content\/uploads\/2020\/06\/conseil2-360x240.jpg 360w, https:\/\/www.pharmacieparvais.com\/wp-content\/uploads\/2020\/06\/conseil2-850x567.jpg 850w\" sizes=\"auto, (min-width: 781px) 360px, calc(100vw - 30px)\" alt=\"Le conseil de votre pharmacien\">\n\t\t\t\t\t\t\t<div class=\"featured-page--overlay\">\n\t\t\t\t\t\t\t\t\t\t\t\t\t\t\t\t\t<div class=\"overlay--center\">\n\t\t\t\t\t\t\t\t\t\t<span>Lire plus<\/span>\n\t\t\t\t\t\t\t\t\t<\/div>\n\t\t\t\t\t\t\t\t\t\t\t\t\t\t\t<\/div>\n\t\t\t\t\t\t<\/a>\n\t\t\t\t\t<\/div>\n\t\t\t\t\t\t\t\t<div class=\"featured-page--content\">\n\t\t\t\t\t<h4 class=\"featued-page--title\">\n\t\t\t\t\t\t<a href=\"https:\/\/www.pharmacieparvais.com\/index.php\/nos-conseils\/\">Le conseil de votre pharmacien<\/a>\n\t\t\t\t\t<\/h4>\n\t\t\t\t\t\t\t\t\t\t\t<p>Retrouvez r\u00e9guli\u00e8rement le conseil avis\u00e9 de votre sp\u00e9cialiste.<\/p>\n\t\t\t\t\t\t\t\t\t\t\t\t\t<a href=\"https:\/\/www.pharmacieparvais.com\/index.php\/nos-conseils\/\" class=\"text-link\">Lire plus<\/a>\n\t\t\t\t\t\t\t\t\t\t\t\t\t\t\t<\/div>\n\t\t\t<\/div>\n\n\t\t\t<\/div><\/div><div id=\"pgc-55-2-2\"  class=\"panel-grid-cell\" ><div id=\"panel-55-2-2-0\" class=\"so-panel widget widget_qt_feature_page widget-featured-page panel-first-child panel-last-child\" data-index=\"6\" >\n\t\t\t<div class=\"featured-page\">\n\t\t\t\t\t\t\t\t\t<div class=\"featured-page--image\">\n\t\t\t\t\t\t<a href=\"https:\/\/www.pharmacieparvais.com\/index.php\/bibliotheque-conseillotheque\/\">\n\t\t\t\t\t\t\t<img loading=\"lazy\" decoding=\"async\" src=\"https:\/\/www.pharmacieparvais.com\/wp-content\/uploads\/2020\/07\/bibliotheque-360x240.jpg\" width=\"360\" height=\"240\" srcset=\"https:\/\/www.pharmacieparvais.com\/wp-content\/uploads\/2020\/07\/bibliotheque-360x240.jpg 360w, https:\/\/www.pharmacieparvais.com\/wp-content\/uploads\/2020\/07\/bibliotheque-850x567.jpg 850w\" sizes=\"auto, (min-width: 781px) 360px, calc(100vw - 30px)\" alt=\"Biblioth\u00e8que\/Conseilloth\u00e8que\">\n\t\t\t\t\t\t\t<div class=\"featured-page--overlay\">\n\t\t\t\t\t\t\t\t\t\t\t\t\t\t\t\t\t<div class=\"overlay--center\">\n\t\t\t\t\t\t\t\t\t\t<span>Lire plus<\/span>\n\t\t\t\t\t\t\t\t\t<\/div>\n\t\t\t\t\t\t\t\t\t\t\t\t\t\t\t<\/div>\n\t\t\t\t\t\t<\/a>\n\t\t\t\t\t<\/div>\n\t\t\t\t\t\t\t\t<div class=\"featured-page--content\">\n\t\t\t\t\t<h4 class=\"featued-page--title\">\n\t\t\t\t\t\t<a href=\"https:\/\/www.pharmacieparvais.com\/index.php\/bibliotheque-conseillotheque\/\">Biblioth\u00e8que\/Conseilloth\u00e8que<\/a>\n\t\t\t\t\t<\/h4>\n\t\t\t\t\t\t\t\t\t\t\t<p>Retrouvez notre biblioth\u00e8que de conseils : pathologies courantes, astuces, th\u00e9matiques saisonni\u00e8res ...<\/p>\n\t\t\t\t\t\t\t\t\t\t\t\t\t<a href=\"https:\/\/www.pharmacieparvais.com\/index.php\/bibliotheque-conseillotheque\/\" class=\"text-link\">Lire plus<\/a>\n\t\t\t\t\t\t\t\t\t\t\t\t\t\t\t<\/div>\n\t\t\t<\/div>\n\n\t\t\t<\/div><\/div><\/div><div id=\"pg-55-3\"  class=\"panel-grid panel-no-style\" ><div id=\"pgc-55-3-0\"  class=\"panel-grid-cell\" ><div id=\"panel-55-3-0-0\" class=\"so-panel widget widget_sow-editor panel-first-child panel-last-child\" data-index=\"7\" ><div\n\t\t\t\n\t\t\tclass=\"so-widget-sow-editor so-widget-sow-editor-base\"\n\t\t\t\n\t\t><h3 class=\"widget-title\">Derni\u00e8res nouvelles<\/h3>\n<div class=\"siteorigin-widget-tinymce textwidget\">\n\t<\/div>\n<\/div><\/div><\/div><\/div><div id=\"pg-55-4\"  class=\"panel-grid panel-no-style\" ><div id=\"pgc-55-4-0\"  class=\"panel-grid-cell\" ><div id=\"panel-55-4-0-0\" class=\"so-panel widget widget_qt_recent_posts_block widget_post_block panel-first-child panel-last-child\" data-index=\"8\" ><div class=\"bigger-widget-title panel-widget-style panel-widget-style-for-55-4-0-0\" >\n\t\t\t<div class=\"news-posts-block\">\n\n\t\t\t\t\n\t\t\t\t<div class=\"row\">\n\t\t\t\t\t\t\t\t\t\t\n\t\t\t\t\t\t<div class=\"col-xs-12 col-sm-4 col-md-4\">\n\t\t\t\t\t\t\t<article class=\"news-post\">\n\t\t\t\t\t\t\t\t\t\t\t\t\t\t\t\t\t<div class=\"news-post--image\">\n\t\t\t\t\t\t\t\t\t\t<a href=\"https:\/\/www.pharmacieparvais.com\/index.php\/2023\/02\/18\/pharmacies-de-garde-du-30-05-20-au-05-06-20\/\">\n\t\t\t\t\t\t\t\t\t\t\t<img decoding=\"async\" src=\"https:\/\/www.pharmacieparvais.com\/wp-content\/uploads\/2020\/03\/garde-360x180.jpg\" srcset=\"https:\/\/www.pharmacieparvais.com\/wp-content\/uploads\/2020\/03\/garde-360x180.jpg 360w, https:\/\/www.pharmacieparvais.com\/wp-content\/uploads\/2020\/03\/garde-848x448.jpg 848w\" sizes=\"(min-width: 781px) 360px, calc(100vw - 30px)\" alt=\"Pharmacies de garde du samedi 18 f\u00e9vrier au vendredi 24 f\u00e9vrier\">\n\t\t\t\t\t\t\t\t\t\t\t\t\t\t\t\t\t\t\t\t\t\t\t<span class=\"news-post--date\">18 f\u00e9vrier 2023<\/span>\n\t\t\t\t\t\t\t\t\t\t\t\t\t\t\t\t\t\t\t\t\t<\/a>\n\t\t\t\t\t\t\t\t\t<\/div>\n\t\t\t\t\t\t\t\t\t\t\t\t\t\t\t\t<div class=\"news-post--content\">\n\t\t\t\t\t\t\t\t\t<h4 class=\"news-post--title\">\n\t\t\t\t\t\t\t\t\t\t<a href=\"https:\/\/www.pharmacieparvais.com\/index.php\/2023\/02\/18\/pharmacies-de-garde-du-30-05-20-au-05-06-20\/\">Pharmacies de garde du samedi 18 f\u00e9vrier au vendredi 24 f\u00e9vrier<\/a>\n\t\t\t\t\t\t\t\t\t<\/h4>\n\n\t\t\t\t\t\t\t\t\t\t\t\t\t\t\t\t\t\t\t<p>\n\t\t\t\t\t                        Du lundi au samedi de 18h30 au lendemain 8h30 Le samedi de 12h30 \u00e0 9h00 le dimanche matin Le dimanche de 9h00 \u00e0 8h30...\t\t\t\t\t                    <\/p>\n\t\t\t\t                \t\n\t\t\t\t                    \t\t\t\t                    \t<a href=\"https:\/\/www.pharmacieparvais.com\/index.php\/2023\/02\/18\/pharmacies-de-garde-du-30-05-20-au-05-06-20\/\" class=\"text-link\">Lire le post<\/a>\n\t\t\t\t                    \t\t\t\t\t\t\t\t<\/div>\n\t\t\t\t\t\t\t<\/article>\n\t\t\t\t\t\t<\/div>\n\t\t\t\t\t\t\n\t\t\t\t\t\t\n\t\t\t\t\t\t<div class=\"col-xs-12 col-sm-4 col-md-4\">\n\t\t\t\t\t\t\t<article class=\"news-post\">\n\t\t\t\t\t\t\t\t\t\t\t\t\t\t\t\t\t<div class=\"news-post--image\">\n\t\t\t\t\t\t\t\t\t\t<a href=\"https:\/\/www.pharmacieparvais.com\/index.php\/2022\/05\/15\/promotions-articles\/\">\n\t\t\t\t\t\t\t\t\t\t\t<img decoding=\"async\" src=\"https:\/\/www.pharmacieparvais.com\/wp-content\/uploads\/2022\/05\/logo_Santalis.png\" srcset=\"https:\/\/www.pharmacieparvais.com\/wp-content\/uploads\/2022\/05\/logo_Santalis.png 171w, https:\/\/www.pharmacieparvais.com\/wp-content\/uploads\/2022\/05\/logo_Santalis.png 171w\" sizes=\"(min-width: 781px) 360px, calc(100vw - 30px)\" alt=\"Promotions &#8211; articles\">\n\t\t\t\t\t\t\t\t\t\t\t\t\t\t\t\t\t\t\t\t\t\t\t<span class=\"news-post--date\">15 mai 2022<\/span>\n\t\t\t\t\t\t\t\t\t\t\t\t\t\t\t\t\t\t\t\t\t<\/a>\n\t\t\t\t\t\t\t\t\t<\/div>\n\t\t\t\t\t\t\t\t\t\t\t\t\t\t\t\t<div class=\"news-post--content\">\n\t\t\t\t\t\t\t\t\t<h4 class=\"news-post--title\">\n\t\t\t\t\t\t\t\t\t\t<a href=\"https:\/\/www.pharmacieparvais.com\/index.php\/2022\/05\/15\/promotions-articles\/\">Promotions &#8211; articles<\/a>\n\t\t\t\t\t\t\t\t\t<\/h4>\n\n\t\t\t\t\t\t\t\t\t\t\t\t\t\t\t\t\t\t\t<p>\n\t\t\t\t\t                        Retrouvez ici nos promotions et articles \u00e9mis par Santalis\t\t\t\t\t                    <\/p>\n\t\t\t\t                \t\n\t\t\t\t                    \t\t\t\t                    \t<a href=\"https:\/\/www.pharmacieparvais.com\/index.php\/2022\/05\/15\/promotions-articles\/\" class=\"text-link\">Lire le post<\/a>\n\t\t\t\t                    \t\t\t\t\t\t\t\t<\/div>\n\t\t\t\t\t\t\t<\/article>\n\t\t\t\t\t\t<\/div>\n\t\t\t\t\t\t\n\t\t\t\t\t\t\n\t\t\t\t\t\t<div class=\"col-xs-12 col-sm-4 col-md-4\">\n\t\t\t\t\t\t\t<article class=\"news-post\">\n\t\t\t\t\t\t\t\t\t\t\t\t\t\t\t\t\t<div class=\"news-post--image\">\n\t\t\t\t\t\t\t\t\t\t<a href=\"https:\/\/www.pharmacieparvais.com\/index.php\/2022\/05\/09\/besoin-dun-petit-coup-pouce-durant-la-session-dexamens\/\">\n\t\t\t\t\t\t\t\t\t\t\t<img decoding=\"async\" src=\"https:\/\/www.pharmacieparvais.com\/wp-content\/uploads\/2022\/05\/Concentration-360x180.jpg\" srcset=\"https:\/\/www.pharmacieparvais.com\/wp-content\/uploads\/2022\/05\/Concentration-360x180.jpg 360w, https:\/\/www.pharmacieparvais.com\/wp-content\/uploads\/2022\/05\/Concentration.jpg 498w\" sizes=\"(min-width: 781px) 360px, calc(100vw - 30px)\" alt=\"Besoin d&#8217;un petit coup pouce durant la session d&#8217;examens\">\n\t\t\t\t\t\t\t\t\t\t\t\t\t\t\t\t\t\t\t\t\t\t\t<span class=\"news-post--date\">9 mai 2022<\/span>\n\t\t\t\t\t\t\t\t\t\t\t\t\t\t\t\t\t\t\t\t\t<\/a>\n\t\t\t\t\t\t\t\t\t<\/div>\n\t\t\t\t\t\t\t\t\t\t\t\t\t\t\t\t<div class=\"news-post--content\">\n\t\t\t\t\t\t\t\t\t<h4 class=\"news-post--title\">\n\t\t\t\t\t\t\t\t\t\t<a href=\"https:\/\/www.pharmacieparvais.com\/index.php\/2022\/05\/09\/besoin-dun-petit-coup-pouce-durant-la-session-dexamens\/\">Besoin d&#8217;un petit coup pouce durant la session d&#8217;examens<\/a>\n\t\t\t\t\t\t\t\t\t<\/h4>\n\n\t\t\t\t\t\t\t\t\t\t\t\t\t\t\t\t\t\t\t<p>\n\t\t\t\t\t                        Besoin d&#8217;un petit coup pouce durant la session d&#8217;examens , pensez \u00e0 nos g\u00e9lules &#8220;maison&#8221; #concentration&#8211;#m\u00e9moire...\t\t\t\t\t                    <\/p>\n\t\t\t\t                \t\n\t\t\t\t                    \t\t\t\t                    \t<a href=\"https:\/\/www.pharmacieparvais.com\/index.php\/2022\/05\/09\/besoin-dun-petit-coup-pouce-durant-la-session-dexamens\/\" class=\"text-link\">Lire le post<\/a>\n\t\t\t\t                    \t\t\t\t\t\t\t\t<\/div>\n\t\t\t\t\t\t\t<\/article>\n\t\t\t\t\t\t<\/div>\n\t\t\t\t\t\t\n\t\t\t\t\t\t\t\t\t\t\t\t\t<\/div>\n\t\t\t\t\t\t\t<div class=\"row\">\n\t\t\t\t\t\t\n\t\t\t\t\t\t<div class=\"col-xs-12 col-sm-4 col-md-4\">\n\t\t\t\t\t\t\t<article class=\"news-post\">\n\t\t\t\t\t\t\t\t\t\t\t\t\t\t\t\t\t<div class=\"news-post--image\">\n\t\t\t\t\t\t\t\t\t\t<a href=\"https:\/\/www.pharmacieparvais.com\/index.php\/2022\/04\/27\/seve-de-bouleau\/\">\n\t\t\t\t\t\t\t\t\t\t\t<img decoding=\"async\" src=\"https:\/\/www.pharmacieparvais.com\/wp-content\/uploads\/2022\/05\/Seve_bouleau-360x180.jpg\" srcset=\"https:\/\/www.pharmacieparvais.com\/wp-content\/uploads\/2022\/05\/Seve_bouleau-360x180.jpg 360w, https:\/\/www.pharmacieparvais.com\/wp-content\/uploads\/2022\/05\/Seve_bouleau.jpg 498w\" sizes=\"(min-width: 781px) 360px, calc(100vw - 30px)\" alt=\"S\u00e8ve de bouleau\">\n\t\t\t\t\t\t\t\t\t\t\t\t\t\t\t\t\t\t\t\t\t\t\t<span class=\"news-post--date\">27 avril 2022<\/span>\n\t\t\t\t\t\t\t\t\t\t\t\t\t\t\t\t\t\t\t\t\t<\/a>\n\t\t\t\t\t\t\t\t\t<\/div>\n\t\t\t\t\t\t\t\t\t\t\t\t\t\t\t\t<div class=\"news-post--content\">\n\t\t\t\t\t\t\t\t\t<h4 class=\"news-post--title\">\n\t\t\t\t\t\t\t\t\t\t<a href=\"https:\/\/www.pharmacieparvais.com\/index.php\/2022\/04\/27\/seve-de-bouleau\/\">S\u00e8ve de bouleau<\/a>\n\t\t\t\t\t\t\t\t\t<\/h4>\n\n\t\t\t\t\t\t\t\t\t\t\t\t\t\t\t\t\t\t\t<p>\n\t\t\t\t\t                        La s\u00e8ve de bouleau #bio d&#8217;Herbalgem, v\u00e9ritable eau vivante #dynamis\u00e9e est puis\u00e9e chaque ann\u00e9e dans nos r\u00e9gions...\t\t\t\t\t                    <\/p>\n\t\t\t\t                \t\n\t\t\t\t                    \t\t\t\t                    \t<a href=\"https:\/\/www.pharmacieparvais.com\/index.php\/2022\/04\/27\/seve-de-bouleau\/\" class=\"text-link\">Lire le post<\/a>\n\t\t\t\t                    \t\t\t\t\t\t\t\t<\/div>\n\t\t\t\t\t\t\t<\/article>\n\t\t\t\t\t\t<\/div>\n\t\t\t\t\t\t\n\t\t\t\t\t\t\n\t\t\t\t\t\t<div class=\"col-xs-12 col-sm-4 col-md-4\">\n\t\t\t\t\t\t\t<article class=\"news-post\">\n\t\t\t\t\t\t\t\t\t\t\t\t\t\t\t\t\t<div class=\"news-post--image\">\n\t\t\t\t\t\t\t\t\t\t<a href=\"https:\/\/www.pharmacieparvais.com\/index.php\/2021\/10\/23\/journee-du-champignon\/\">\n\t\t\t\t\t\t\t\t\t\t\t<img decoding=\"async\" src=\"https:\/\/www.pharmacieparvais.com\/wp-content\/uploads\/2021\/10\/journee_champignon-360x177.jpg\" srcset=\"https:\/\/www.pharmacieparvais.com\/wp-content\/uploads\/2021\/10\/journee_champignon-360x177.jpg 360w, https:\/\/www.pharmacieparvais.com\/wp-content\/uploads\/2021\/10\/journee_champignon.jpg 481w\" sizes=\"(min-width: 781px) 360px, calc(100vw - 30px)\" alt=\"Journ\u00e9e du champignon\">\n\t\t\t\t\t\t\t\t\t\t\t\t\t\t\t\t\t\t\t\t\t\t\t<span class=\"news-post--date\">23 octobre 2021<\/span>\n\t\t\t\t\t\t\t\t\t\t\t\t\t\t\t\t\t\t\t\t\t<\/a>\n\t\t\t\t\t\t\t\t\t<\/div>\n\t\t\t\t\t\t\t\t\t\t\t\t\t\t\t\t<div class=\"news-post--content\">\n\t\t\t\t\t\t\t\t\t<h4 class=\"news-post--title\">\n\t\t\t\t\t\t\t\t\t\t<a href=\"https:\/\/www.pharmacieparvais.com\/index.php\/2021\/10\/23\/journee-du-champignon\/\">Journ\u00e9e du champignon<\/a>\n\t\t\t\t\t\t\t\t\t<\/h4>\n\n\t\t\t\t\t\t\t\t\t\t\t\t\t\t\t\t\t\t\t<p>\n\t\t\t\t\t                        L&#8217;automne est la saison des champignons. C&#8217;est la plus belle p\u00e9riode de l&#8217;ann\u00e9e pour remplir, avec...\t\t\t\t\t                    <\/p>\n\t\t\t\t                \t\n\t\t\t\t                    \t\t\t\t                    \t<a href=\"https:\/\/www.pharmacieparvais.com\/index.php\/2021\/10\/23\/journee-du-champignon\/\" class=\"text-link\">Lire le post<\/a>\n\t\t\t\t                    \t\t\t\t\t\t\t\t<\/div>\n\t\t\t\t\t\t\t<\/article>\n\t\t\t\t\t\t<\/div>\n\t\t\t\t\t\t\n\t\t\t\t\t\t\n\t\t\t\t\t\t<div class=\"col-xs-12 col-sm-4 col-md-4\">\n\t\t\t\t\t\t\t<article class=\"news-post\">\n\t\t\t\t\t\t\t\t\t\t\t\t\t\t\t\t\t<div class=\"news-post--image\">\n\t\t\t\t\t\t\t\t\t\t<a href=\"https:\/\/www.pharmacieparvais.com\/index.php\/2021\/10\/18\/cueillette-de-champignons-cest-la-saison\/\">\n\t\t\t\t\t\t\t\t\t\t\t<img decoding=\"async\" src=\"https:\/\/www.pharmacieparvais.com\/wp-content\/uploads\/2021\/10\/cueillette-champignon-360x180.jpg\" srcset=\"https:\/\/www.pharmacieparvais.com\/wp-content\/uploads\/2021\/10\/cueillette-champignon-360x180.jpg 360w, https:\/\/www.pharmacieparvais.com\/wp-content\/uploads\/2021\/10\/cueillette-champignon-848x448.jpg 848w\" sizes=\"(min-width: 781px) 360px, calc(100vw - 30px)\" alt=\"\ud83c\udf44 CUEILLETTE DE CHAMPIGNONS, C\u2019EST LA SAISON\">\n\t\t\t\t\t\t\t\t\t\t\t\t\t\t\t\t\t\t\t\t\t\t\t<span class=\"news-post--date\">18 octobre 2021<\/span>\n\t\t\t\t\t\t\t\t\t\t\t\t\t\t\t\t\t\t\t\t\t<\/a>\n\t\t\t\t\t\t\t\t\t<\/div>\n\t\t\t\t\t\t\t\t\t\t\t\t\t\t\t\t<div class=\"news-post--content\">\n\t\t\t\t\t\t\t\t\t<h4 class=\"news-post--title\">\n\t\t\t\t\t\t\t\t\t\t<a href=\"https:\/\/www.pharmacieparvais.com\/index.php\/2021\/10\/18\/cueillette-de-champignons-cest-la-saison\/\">\ud83c\udf44 CUEILLETTE DE CHAMPIGNONS, C\u2019EST LA SAISON<\/a>\n\t\t\t\t\t\t\t\t\t<\/h4>\n\n\t\t\t\t\t\t\t\t\t\t\t\t\t\t\t\t\t\t\t<p>\n\t\t\t\t\t                        La cueillette de champignons est une f\u00eate pour les gastronomes et amoureux de la nature. Pour qu\u2019il reste un plaisir,...\t\t\t\t\t                    <\/p>\n\t\t\t\t                \t\n\t\t\t\t                    \t\t\t\t                    \t<a href=\"https:\/\/www.pharmacieparvais.com\/index.php\/2021\/10\/18\/cueillette-de-champignons-cest-la-saison\/\" class=\"text-link\">Lire le post<\/a>\n\t\t\t\t                    \t\t\t\t\t\t\t\t<\/div>\n\t\t\t\t\t\t\t<\/article>\n\t\t\t\t\t\t<\/div>\n\t\t\t\t\t\t\n\t\t\t\t\t\t\t\t\t\t\t\t\t<\/div>\n\t\t\t\t\t\t\t<div class=\"row\">\n\t\t\t\t\t\t\t\t\t\t<\/div>\n\t\t\t<\/div>\n\n\t\t\t<\/div><\/div><\/div><\/div><div id=\"pg-55-5\"  class=\"panel-grid panel-has-style\" ><div class=\"siteorigin-panels-stretch panel-row-style panel-row-style-for-55-5\" data-stretch-type=\"full-width-stretch\" ><div id=\"pgc-55-5-0\"  class=\"panel-grid-cell\" ><div id=\"panel-55-5-0-0\" class=\"so-panel widget widget_qt_google_map_iframe widget-google-map-iframe panel-first-child panel-last-child\" data-index=\"9\" >\n\t    \t<div class=\"qt-map-iframe\">\n\t\t\t\t<iframe loading=\"lazy\" frameborder=\"0\" src=\"https:\/\/maps.google.com\/maps?f=q&source=s_q&hl=en&geocode=&q=22+Pl.+du+Quartier+Saint-Jacques+1420+Braine-l&#039;Alleud&z=16&output=embed\" width=\"100%\" height=\"370px;\"><\/iframe>\n\t\t\t<\/div>\n\t\t\t\t\n\t\t\t<\/div><\/div><\/div><\/div><\/div>","protected":false},"excerpt":{"rendered":"<p>La cueillette de champignons est une f\u00eate pour les gastronomes et amoureux de la nature. Pour qu\u2019il reste un plaisir, ne jouez pas les apprentis sorciers et respectez des r\u00e8gles simples de prudence : ne ramassez que les champignons que vous connaissez, faites-les identifier individuellement et syst\u00e9matiquement par un sp\u00e9cialiste, votre pharmacien, et respectez la [&hellip;]<\/p>\n","protected":false},"author":1,"featured_media":0,"parent":0,"menu_order":0,"comment_status":"closed","ping_status":"closed","template":"template-front-jumbtron.php","meta":{"footnotes":""},"class_list":["post-55","page","type-page","status-publish","hentry"],"_links":{"self":[{"href":"https:\/\/www.pharmacieparvais.com\/index.php\/wp-json\/wp\/v2\/pages\/55","targetHints":{"allow":["GET"]}}],"collection":[{"href":"https:\/\/www.pharmacieparvais.com\/index.php\/wp-json\/wp\/v2\/pages"}],"about":[{"href":"https:\/\/www.pharmacieparvais.com\/index.php\/wp-json\/wp\/v2\/types\/page"}],"author":[{"embeddable":true,"href":"https:\/\/www.pharmacieparvais.com\/index.php\/wp-json\/wp\/v2\/users\/1"}],"replies":[{"embeddable":true,"href":"https:\/\/www.pharmacieparvais.com\/index.php\/wp-json\/wp\/v2\/comments?post=55"}],"version-history":[{"count":341,"href":"https:\/\/www.pharmacieparvais.com\/index.php\/wp-json\/wp\/v2\/pages\/55\/revisions"}],"predecessor-version":[{"id":10210,"href":"https:\/\/www.pharmacieparvais.com\/index.php\/wp-json\/wp\/v2\/pages\/55\/revisions\/10210"}],"wp:attachment":[{"href":"https:\/\/www.pharmacieparvais.com\/index.php\/wp-json\/wp\/v2\/media?parent=55"}],"curies":[{"name":"wp","href":"https:\/\/api.w.org\/{rel}","templated":true}]}}