{"id":307,"date":"2015-12-03T23:30:13","date_gmt":"2015-12-03T23:30:13","guid":{"rendered":"http:\/\/export-xml.qreativethemes.com\/physio\/?page_id=307"},"modified":"2020-07-19T20:41:04","modified_gmt":"2020-07-19T18:41:04","slug":"nos-trousses","status":"publish","type":"page","link":"https:\/\/www.pharmacieparvais.com\/index.php\/services\/nos-trousses\/","title":{"rendered":"Nos trousses"},"content":{"rendered":"<div id=\"pl-307\"  class=\"panel-layout\" ><div id=\"pg-307-0\"  class=\"panel-grid panel-no-style\" ><div id=\"pgc-307-0-0\"  class=\"panel-grid-cell\" ><div id=\"panel-307-0-0-0\" class=\"so-panel widget widget_sow-editor panel-first-child panel-last-child\" data-index=\"0\" ><div\n\t\t\t\n\t\t\tclass=\"so-widget-sow-editor so-widget-sow-editor-base\"\n\t\t\t\n\t\t>\n<div class=\"siteorigin-widget-tinymce textwidget\">\n\t<p>Pour vous guider au mieux dans l'\u00e9laboration de vos trousses pharmaceutiques sp\u00e9cifiques vacances \"\u00e9t\u00e9\" \/ \"hiver\", votre trousse \"maternit\u00e9\" ou pour vous permettre de g\u00e9rer au mieux votre pharmacie familiale en \u00e9vitant gaspillage et achats inutiles, nous avons \u00e9labor\u00e9 \u00e0 votre attention des listes \"pense-b\u00eate\" avec infos utiles et conseils scientifiques avis\u00e9s.<\/p>\n<ul>\n<li><span style=\"color: #5fb800;\"><strong><u>La trousse \u00ab\u00a0vacances d\u2019\u00e9t\u00e9\u00a0\u00bb<\/u><\/strong><\/span><\/li>\n<li><span style=\"color: #5fb800;\"><strong><u>La trousse \u00ab\u00a0vacances hivernales\u00a0<\/u>\u00bb\u00a0<\/strong><\/span><\/li>\n<\/ul>\n<p>\u27a1\ufe0f Vous trouverez dans nos feuillets sp\u00e9cifiques, une liste r\u00e9capitulative des m\u00e9dicaments et produits utiles \u00e0 emporter avec vous en fonction de votre destination, de votre type de voyage, de sa dur\u00e9e, de l'\u00e2ge et du nombre de voyageurs.<\/p>\n<p>Nous l\u2019examinerons avec vous, afin d'une part de ne rien oublier et d'autre part d\u2019\u00e9viter l'achat d'un produit que vous auriez d\u00e9j\u00e0 chez vous sous un nom diff\u00e9rent.<\/p>\n<p>Nous \u00e9laborerons avec vous la trousse r\u00e9pondant ainsi au mieux \u00e0 VOTRE situation personnelle, en liens directs avec vos ant\u00e9c\u00e9dents m\u00e9dicaux et familiaux.<\/p>\n<p>Nous vous donnerons des conseils scientifiques avis\u00e9s, \u00e9tay\u00e9s par nos exp\u00e9riences personnelles de voyage.<\/p>\n<ul>\n<li><span style=\"color: #5fb800;\"><strong><u>La trousse \u00ab\u00a0maternit\u00e9\u00a0<\/u>\u00bb<\/strong><\/span><\/li>\n<\/ul>\n<p>\u27a1\ufe0f L'arriv\u00e9e de b\u00e9b\u00e9 est un moment extraordinaire et unique. Pour ne rien oublier pour le Jour J, nous vous proposons de consulter notre feuillet \"Trousse Maternit\u00e9\". Cette trousse est r\u00e9alis\u00e9e en fonction de vos besoins et envies, de nos conseils, en privil\u00e9giant le meilleur rapport \u00ab\u00a0qualit\u00e9\/prix\/sant\u00e9\u00bb<\/p>\n<ul>\n<li><span style=\"color: #5fb800;\"><strong><u>La trousse \u00ab pharmacie familiale\u00a0\u00bb<\/u><\/strong><\/span><\/li>\n<\/ul>\n<p>\u27a1\ufe0f Dans la m\u00eame optique, nous avons \u00e9tabli un m\u00e9mo complet \"pharmacie familiale\" afin de vous conseiller dans la r\u00e9alisation ou la gestion de votre pharmacie familiale de base. Inutile en effet de stocker des m\u00e9dicaments dont vous ne connaissez pas l\u2019indication, qui seraient p\u00e9rim\u00e9s ou de laisser prescrire par votre m\u00e9decin un sirop antitussif identique ou presque \u00e0 celui que vous avez d\u00e9j\u00e0 dans votre pharmacie familiale ...<\/p>\n<p>\ud83d\udca1 Nous vous invitons \u00e0 visiter notre rubrique \u00ab\u00a0recyclage-p\u00e9rim\u00e9s\u00a0\u00bb pour y trouver les infos utiles sur les utilisations de vos m\u00e9dicaments p\u00e9rim\u00e9s ou non utilis\u00e9s.<\/p>\n<p><span style=\"font-size: 16px;\"><strong><span style=\"color: #5fb800;\">Tous nos feuillets de r\u00e9f\u00e9rence sont disponibles \u00e0 la pharmacie ou sur demande par mail.<\/span><\/strong><\/span><\/p>\n<p><span style=\"font-size: 16px;\"><strong><span style=\"color: #5fb800;\">Nous sommes \u00e0 votre enti\u00e8re disposition pour vous renseigner au mieux, n\u2019h\u00e9sitez pas \u00e0 prendre rendez-vous, nous pourrons ainsi nous\u00a0occuper de vous dans les meilleures conditions.<\/span><\/strong><\/span><\/p>\n<\/div>\n<\/div><\/div><\/div><\/div><\/div>","protected":false},"excerpt":{"rendered":"<p>Pour vous guider au mieux dans l&#8217;\u00e9laboration de vos trousses pharmaceutiques sp\u00e9cifiques vacances &#8220;\u00e9t\u00e9&#8221; \/ &#8220;hiver&#8221;, votre trousse &#8220;maternit\u00e9&#8221; ou pour vous permettre de g\u00e9rer au mieux votre pharmacie familiale en \u00e9vitant gaspillage et achats inutiles, nous avons \u00e9labor\u00e9 \u00e0 votre attention des listes &#8220;pense-b\u00eate&#8221; avec infos utiles et conseils scientifiques avis\u00e9s. La trousse \u00ab\u00a0vacances [&hellip;]<\/p>\n","protected":false},"author":1,"featured_media":9302,"parent":110,"menu_order":0,"comment_status":"closed","ping_status":"closed","template":"","meta":{"footnotes":""},"class_list":["post-307","page","type-page","status-publish","has-post-thumbnail","hentry"],"_links":{"self":[{"href":"https:\/\/www.pharmacieparvais.com\/index.php\/wp-json\/wp\/v2\/pages\/307","targetHints":{"allow":["GET"]}}],"collection":[{"href":"https:\/\/www.pharmacieparvais.com\/index.php\/wp-json\/wp\/v2\/pages"}],"about":[{"href":"https:\/\/www.pharmacieparvais.com\/index.php\/wp-json\/wp\/v2\/types\/page"}],"author":[{"embeddable":true,"href":"https:\/\/www.pharmacieparvais.com\/index.php\/wp-json\/wp\/v2\/users\/1"}],"replies":[{"embeddable":true,"href":"https:\/\/www.pharmacieparvais.com\/index.php\/wp-json\/wp\/v2\/comments?post=307"}],"version-history":[{"count":20,"href":"https:\/\/www.pharmacieparvais.com\/index.php\/wp-json\/wp\/v2\/pages\/307\/revisions"}],"predecessor-version":[{"id":9732,"href":"https:\/\/www.pharmacieparvais.com\/index.php\/wp-json\/wp\/v2\/pages\/307\/revisions\/9732"}],"up":[{"embeddable":true,"href":"https:\/\/www.pharmacieparvais.com\/index.php\/wp-json\/wp\/v2\/pages\/110"}],"wp:featuredmedia":[{"embeddable":true,"href":"https:\/\/www.pharmacieparvais.com\/index.php\/wp-json\/wp\/v2\/media\/9302"}],"wp:attachment":[{"href":"https:\/\/www.pharmacieparvais.com\/index.php\/wp-json\/wp\/v2\/media?parent=307"}],"curies":[{"name":"wp","href":"https:\/\/api.w.org\/{rel}","templated":true}]}}