{"id":2568,"date":"2015-12-11T14:39:50","date_gmt":"2015-12-11T14:39:50","guid":{"rendered":"http:\/\/export-xml.qreativethemes.com\/physio\/?page_id=2568"},"modified":"2020-08-28T10:12:31","modified_gmt":"2020-08-28T08:12:31","slug":"acces","status":"publish","type":"page","link":"https:\/\/www.pharmacieparvais.com\/index.php\/acces\/","title":{"rendered":"Acc\u00e8s"},"content":{"rendered":"<div id=\"pl-2568\"  class=\"panel-layout\" ><div id=\"pg-2568-0\"  class=\"panel-grid panel-no-style\" ><div id=\"pgc-2568-0-0\"  class=\"panel-grid-cell\" ><div id=\"panel-2568-0-0-0\" class=\"so-panel widget widget_qt_google_map_iframe widget-google-map-iframe panel-first-child panel-last-child\" data-index=\"0\" >\n\t    \t<div class=\"qt-map-iframe\">\n\t\t\t\t<iframe loading=\"lazy\" frameborder=\"0\" src=\"https:\/\/maps.google.com\/maps?f=q&source=s_q&hl=en&geocode=&q=22+Place+du+quartier+Saint-Jacques+1420+Braine-l&#039;Alleud&z=13&output=embed\" width=\"100%\" height=\"427px;\"><\/iframe>\n\t\t\t<\/div>\n\t\t\t\t\n\t\t\t<\/div><\/div><div id=\"pgc-2568-0-1\"  class=\"panel-grid-cell\" ><div id=\"panel-2568-0-1-0\" class=\"so-panel widget widget_sow-editor panel-first-child\" data-index=\"1\" ><div class=\"featured-box panel-widget-style panel-widget-style-for-2568-0-1-0\" ><div\n\t\t\t\n\t\t\tclass=\"so-widget-sow-editor so-widget-sow-editor-base\"\n\t\t\t\n\t\t>\n<div class=\"siteorigin-widget-tinymce textwidget\">\n\t<p><strong>Pharmacie Parvais<br \/>\n<\/strong><span style=\"line-height: 1.5;\">Pl. du Quartier Saint-Jacques, 22<br \/>\n1420 Braine-l'Alleud<\/span><\/p>\n<hr \/>\n<p><strong>Num\u00e9ro de t\u00e9l\u00e9phone<\/strong><br \/>\n02.384.46.00<\/p>\n<hr \/>\n<p><strong>Adresse e-mail<\/strong><br \/>\n<a href=\"mailto:info@pharmacieparvais.be\">info@pharmacieparvais.be<\/a><\/p>\n<\/div>\n<\/div><\/div><\/div><div id=\"panel-2568-0-1-1\" class=\"so-panel widget widget_qt_brochure widget-brochure panel-last-child\" data-index=\"2\" >\n\t\t\t<a href=\"#\" class=\"brochure\" >\n\t\t\t\t\t\t\t\t\t<i class=\"fa fas fa-cloud-download-alt\"><\/i>\n\t\t\t\t\t\t\t\t<span>Tous les d\u00e9tails<\/span>\n\t\t\t<\/a>\n\t\t\t\t\n\t\t\t<\/div><\/div><\/div><div id=\"pg-2568-1\"  class=\"panel-grid panel-no-style\" ><div id=\"pgc-2568-1-0\"  class=\"panel-grid-cell\" ><div id=\"panel-2568-1-0-0\" class=\"so-panel widget widget_sow-editor panel-first-child panel-last-child\" data-index=\"3\" ><div\n\t\t\t\n\t\t\tclass=\"so-widget-sow-editor so-widget-sow-editor-base\"\n\t\t\t\n\t\t>\n<div class=\"siteorigin-widget-tinymce textwidget\">\n\t<p>\ud83d\udccd Si vous utilisez un GPS\u00a0: encodez \" Chauss\u00e9e d'Ophain, N\u00b0 77 \" pour nous trouver plus facilement.<\/p>\n<p><strong>\u00a0<\/strong>\ud83d\ude82<strong> A partir de la gare de Braine-l'Alleud<\/strong>, c\u00f4t\u00e9 \"gare des bus\" : longez le chemin de fer dans le sens oppos\u00e9 au pont de la gare. Apr\u00e8s 400 m, au second rond-point, prenez \u00e0 droite la rue Colo Hugues et suivez les panneaux \"Centre hospitalier le Domaine ULB\" jusqu'\u00e0 la pharmacie, Place du Quartier St Jacques o\u00f9 vous arriverez apr\u00e8s 1,2 km.<\/p>\n<p>\u26ea <strong>A partir d'Ophain centre<\/strong> : suivez la rue Michel Botte toujours tout droit pendant 2 km en direction de Braine-l'Alleud. La pharmacie est situ\u00e9e sur votre gauche, \u00e0 l'entr\u00e9e de la place du Quartier St Jacques<\/p>\n<p>\ud83d\udee3 <strong>A partir du RO : <\/strong>\u00a0prenez la sortie 24 \"Nivelles-Lillois-Braine l'Alleud\" et suivez la direction Braine l'Alleud.\u00a0 Au 4<sup>\u00e8me<\/sup> rond-point, prenez la 1<sup>\u00e8re<\/sup> sortie \u00e0 droite, chauss\u00e9e d'Ophain. Continuez sur 600 m et vous trouverez la pharmacie sur votre gauche, \u00e0 l'entr\u00e9e de la place du Quartier St Jacques<\/p>\n<p>\ud83d\ude91<strong> A partir de l'h\u00f4pital<\/strong>\u00a0(entr\u00e9e principale des urgences) : prenez la 1<sup>\u00e8re<\/sup> \u00e0 droite apr\u00e8s l'h\u00f4pital, direction Lillois - Ophain-Bois-Seigneur-Isaac. Suivez la route principale durant environ 900 m jusqu'\u00e0 la Place du Quartier St Jacques. La pharmacie est situ\u00e9e \u00e0 la sortie de la place sur votre droite.<strong>\u00a0<\/strong><\/p>\n<p><strong><u>Parking<\/u><\/strong><strong> :<\/strong><\/p>\n<p>-\u00a0 Emplacement de parking priv\u00e9 \u00e0 gauche de la pharmacie<\/p>\n<p>-\u00a0 3 places r\u00e9serv\u00e9es aux achats de \"courte dur\u00e9e\" aupr\u00e8s des commer\u00e7ants et ind\u00e9pendants du Quartier sont \u00e0 votre disposition en face de la pharmacie<\/p>\n<p><img loading=\"lazy\" decoding=\"async\" class=\"size-thumbnail wp-image-9465 alignleft\" src=\"https:\/\/testpharmacieparvais.mimaandcs.be\/wp-content\/uploads\/2020\/06\/parking-150x150.png\" alt=\"\" width=\"150\" height=\"150\" srcset=\"https:\/\/www.pharmacieparvais.com\/wp-content\/uploads\/2020\/06\/parking-150x150.png 150w, https:\/\/www.pharmacieparvais.com\/wp-content\/uploads\/2020\/06\/parking-300x300.png 300w, https:\/\/www.pharmacieparvais.com\/wp-content\/uploads\/2020\/06\/parking-100x100.png 100w\" sizes=\"auto, (max-width: 150px) 100vw, 150px\" \/><\/p>\n<p>&nbsp;<\/p>\n<p>&nbsp;<\/p>\n<p>&nbsp;<\/p>\n<p>&nbsp;<\/p>\n<p>&nbsp;<\/p>\n<p>- \u00a0Zone bleue\u00a0: place du Quartier, rue au Gu\u00e9 et une partie de la chauss\u00e9e d\u2019Ophain. \u00a0\ud83d\udccc N'oubliez pas de mettre votre disque de stationnement\u00a0!!!!<\/p>\n<p>&nbsp;<\/p>\n<\/div>\n<\/div><\/div><\/div><\/div><\/div>","protected":false},"excerpt":{"rendered":"<p>Pharmacie Parvais Pl. du Quartier Saint-Jacques, 22 1420 Braine-l&#8217;Alleud Num\u00e9ro de t\u00e9l\u00e9phone 02.384.46.00 Adresse e-mail info@pharmacieparvais.be \ud83d\udccd Si vous utilisez un GPS\u00a0: encodez &#8221; Chauss\u00e9e d&#8217;Ophain, N\u00b0 77 &#8221; pour nous trouver plus facilement. \u00a0\ud83d\ude82 A partir de la gare de Braine-l&#8217;Alleud, c\u00f4t\u00e9 &#8220;gare des bus&#8221; : longez le chemin de fer dans le sens [&hellip;]<\/p>\n","protected":false},"author":1,"featured_media":0,"parent":0,"menu_order":0,"comment_status":"closed","ping_status":"closed","template":"","meta":{"footnotes":""},"class_list":["post-2568","page","type-page","status-publish","hentry"],"_links":{"self":[{"href":"https:\/\/www.pharmacieparvais.com\/index.php\/wp-json\/wp\/v2\/pages\/2568","targetHints":{"allow":["GET"]}}],"collection":[{"href":"https:\/\/www.pharmacieparvais.com\/index.php\/wp-json\/wp\/v2\/pages"}],"about":[{"href":"https:\/\/www.pharmacieparvais.com\/index.php\/wp-json\/wp\/v2\/types\/page"}],"author":[{"embeddable":true,"href":"https:\/\/www.pharmacieparvais.com\/index.php\/wp-json\/wp\/v2\/users\/1"}],"replies":[{"embeddable":true,"href":"https:\/\/www.pharmacieparvais.com\/index.php\/wp-json\/wp\/v2\/comments?post=2568"}],"version-history":[{"count":39,"href":"https:\/\/www.pharmacieparvais.com\/index.php\/wp-json\/wp\/v2\/pages\/2568\/revisions"}],"predecessor-version":[{"id":9954,"href":"https:\/\/www.pharmacieparvais.com\/index.php\/wp-json\/wp\/v2\/pages\/2568\/revisions\/9954"}],"wp:attachment":[{"href":"https:\/\/www.pharmacieparvais.com\/index.php\/wp-json\/wp\/v2\/media?parent=2568"}],"curies":[{"name":"wp","href":"https:\/\/api.w.org\/{rel}","templated":true}]}}