{"id":117,"date":"2015-11-27T18:00:51","date_gmt":"2015-11-27T18:00:51","guid":{"rendered":"http:\/\/export-xml.qreativethemes.com\/physio\/?page_id=117"},"modified":"2020-07-19T20:20:40","modified_gmt":"2020-07-19T18:20:40","slug":"contactez-nous","status":"publish","type":"page","link":"https:\/\/www.pharmacieparvais.com\/index.php\/contactez-nous\/","title":{"rendered":"Contactez-nous"},"content":{"rendered":"<div id=\"pl-117\"  class=\"panel-layout\" ><div id=\"pg-117-0\"  class=\"panel-grid panel-no-style\" ><div id=\"pgc-117-0-0\"  class=\"panel-grid-cell\" ><div id=\"panel-117-0-0-0\" class=\"so-panel widget widget_sow-editor panel-first-child\" data-index=\"0\" ><div class=\"featured-box panel-widget-style panel-widget-style-for-117-0-0-0\" ><div\n\t\t\t\n\t\t\tclass=\"so-widget-sow-editor so-widget-sow-editor-base\"\n\t\t\t\n\t\t>\n<div class=\"siteorigin-widget-tinymce textwidget\">\n\t<p><strong>Pharmacie Parvais<br \/>\n<\/strong>Pl. du Quartier Saint-Jacques, 22<br \/>\n1420 Braine-l'Alleud<\/p>\n<hr \/>\n<p><strong>T\u00e9l\u00e9phone<br \/>\n<\/strong>02.384.46.00<\/p>\n<p><strong>Fax<\/strong><br \/>\n02.384.66.62<\/p>\n<hr \/>\n<p><strong>Adresse e-mail<br \/>\n<\/strong><span class=\"s1\"><a href=\"mailto:info@pharmacieparvais.be\">info@pharmacieparvais.be<\/a><\/span><\/p>\n<hr \/>\n<p><strong>Medias Sociaux<br \/>\n<\/strong><\/p>\n<a class=\"icon-wrap\" href=\"http:\/\/facebook.com\/pharmacieparvais\" target=\"_blank\"><i class=\"fa fab fa-facebook-f\"><\/i><\/a>\n<\/div>\n<\/div><\/div><\/div><div id=\"panel-117-0-0-1\" class=\"so-panel widget widget_widget_op_overview panel-last-child\" data-index=\"1\" ><h3 class=\"widget-title\">Horaires<\/h3>\n<dl class=\"op-list op-list-overview\">\n  \n      <dt class=\"op-cell op-cell-heading \">lundi \u2013 vendredi<\/dt>\n    <dd class=\"op-cell op-cell-periods \"><span class=\"op-period-time \">8 h 30 \u2013 18 h 30<\/span><\/dd>\n      <dt class=\"op-cell op-cell-heading \">samedi<\/dt>\n    <dd class=\"op-cell op-cell-periods \"><span class=\"op-period-time \">8 h 30 \u2013 12 h 30<\/span><\/dd>\n      <dt class=\"op-cell op-cell-heading \">dimanche<\/dt>\n    <dd class=\"op-cell op-cell-periods \"><span class=\"op-closed\">Ferm\u00e9<\/span><\/dd>\n  <\/dl>\n\n<\/div><\/div><div id=\"pgc-117-0-1\"  class=\"panel-grid-cell\" ><div id=\"panel-117-0-1-0\" class=\"so-panel widget widget_sow-editor panel-first-child\" data-index=\"2\" ><div class=\"smaller-widget-title panel-widget-style panel-widget-style-for-117-0-1-0\" ><div\n\t\t\t\n\t\t\tclass=\"so-widget-sow-editor so-widget-sow-editor-base\"\n\t\t\t\n\t\t><h3 class=\"widget-title\">Envoyez-nous un message<\/h3>\n<div class=\"siteorigin-widget-tinymce textwidget\">\n\t<\/div>\n<\/div><\/div><\/div><div id=\"panel-117-0-1-1\" class=\"so-panel widget widget_sow-editor\" data-index=\"3\" ><div class=\"panel-widget-style panel-widget-style-for-117-0-1-1\" ><div\n\t\t\t\n\t\t\tclass=\"so-widget-sow-editor so-widget-sow-editor-base\"\n\t\t\t\n\t\t>\n<div class=\"siteorigin-widget-tinymce textwidget\">\n\t\n<div class=\"wpcf7 no-js\" id=\"wpcf7-f7485-o1\" lang=\"en-US\" dir=\"ltr\" data-wpcf7-id=\"7485\">\n<div class=\"screen-reader-response\"><p role=\"status\" aria-live=\"polite\" aria-atomic=\"true\"><\/p> <ul><\/ul><\/div>\n<form action=\"\/index.php\/wp-json\/wp\/v2\/pages\/117#wpcf7-f7485-o1\" method=\"post\" class=\"wpcf7-form init\" aria-label=\"Contact form\" enctype=\"multipart\/form-data\" novalidate=\"novalidate\" data-status=\"init\">\n<div style=\"display: none;\">\n<input type=\"hidden\" name=\"_wpcf7\" value=\"7485\" \/>\n<input type=\"hidden\" name=\"_wpcf7_version\" value=\"6.0.6\" \/>\n<input type=\"hidden\" name=\"_wpcf7_locale\" value=\"en_US\" \/>\n<input type=\"hidden\" name=\"_wpcf7_unit_tag\" value=\"wpcf7-f7485-o1\" \/>\n<input type=\"hidden\" name=\"_wpcf7_container_post\" value=\"0\" \/>\n<input type=\"hidden\" name=\"_wpcf7_posted_data_hash\" value=\"\" \/>\n<input type=\"hidden\" name=\"_wpcf7_recaptcha_response\" value=\"\" \/>\n<\/div>\n<div class=\"white-featured-box\">\n\t<div class=\"row\">\n\t\t<div class=\"col-xs-12 col-md-6\">\n\t\t\t<p><span>Nom *<\/span><span class=\"wpcf7-form-control-wrap\" data-name=\"your-name\"><input size=\"40\" maxlength=\"400\" class=\"wpcf7-form-control wpcf7-text wpcf7-validates-as-required\" aria-required=\"true\" aria-invalid=\"false\" placeholder=\"Nom\" value=\"\" type=\"text\" name=\"your-name\" \/><\/span><span>Pr\u00e9nom *<\/span><span class=\"wpcf7-form-control-wrap\" data-name=\"your-firstname\"><input size=\"40\" maxlength=\"400\" class=\"wpcf7-form-control wpcf7-text wpcf7-validates-as-required\" aria-required=\"true\" aria-invalid=\"false\" placeholder=\"Pr\u00e9nom\" value=\"\" type=\"text\" name=\"your-firstname\" \/><\/span><span>Email *<\/span><span class=\"wpcf7-form-control-wrap\" data-name=\"your-email\"><input size=\"40\" maxlength=\"400\" class=\"wpcf7-form-control wpcf7-email wpcf7-validates-as-required wpcf7-text wpcf7-validates-as-email\" aria-required=\"true\" aria-invalid=\"false\" placeholder=\"Adresse e-mail\" value=\"\" type=\"email\" name=\"your-email\" \/><\/span><span>Num\u00e9ro de t\u00e9l\u00e9phone *<\/span><span class=\"wpcf7-form-control-wrap\" data-name=\"your-phone\"><input size=\"40\" maxlength=\"400\" class=\"wpcf7-form-control wpcf7-tel wpcf7-validates-as-required wpcf7-text wpcf7-validates-as-tel\" aria-required=\"true\" aria-invalid=\"false\" placeholder=\"Num\u00e9ro de t\u00e9l\u00e9phone\" value=\"\" type=\"tel\" name=\"your-phone\" \/><\/span>\n\t\t\t<\/p>\n\t\t<\/div>\n\t\t<div class=\"col-xs-12 col-md-6\">\n\t\t\t<p><span>Sujet<\/span><span class=\"wpcf7-form-control-wrap\" data-name=\"your-subject\"><input size=\"40\" maxlength=\"400\" class=\"wpcf7-form-control wpcf7-text\" aria-invalid=\"false\" placeholder=\"Sujet\" value=\"\" type=\"text\" name=\"your-subject\" \/><\/span><span>Votre message *<\/span><span class=\"wpcf7-form-control-wrap\" data-name=\"your-message\"><textarea cols=\"40\" rows=\"10\" maxlength=\"2000\" class=\"wpcf7-form-control wpcf7-textarea\" aria-invalid=\"false\" placeholder=\"Tapez votre message..\" name=\"your-message\"><\/textarea><\/span><span>Fichier joint<\/span><span class=\"wpcf7-form-control-wrap\" data-name=\"contact-file\"><input size=\"40\" class=\"wpcf7-form-control wpcf7-file\" accept=\".jpg,.pdf\" aria-invalid=\"false\" type=\"file\" name=\"contact-file\" \/><\/span>\n\t\t\t<\/p>\n\t\t<\/div>\n\t\t<p><em>En soumettant ce formulaire, j'accepte que les informations saisies dans ce formulaire soient utilis\u00e9es pour permettre de me recontacter dans le cadre de la relation qui d\u00e9coule de cette demande de renseignement.<\/em>\n\t\t<\/p>\n\t\t<p><input class=\"wpcf7-form-control wpcf7-submit has-spinner btn btn-primary\" type=\"submit\" value=\"Envoyer le message\" \/><input type=\"reset\" class=\"btn btn-outline\" value=\"Effacer formulaire\" \/>\n\t\t<\/p>\n\t<\/div>\n<\/div><p style=\"display: none !important;\" class=\"akismet-fields-container\" data-prefix=\"_wpcf7_ak_\"><label>&#916;<textarea name=\"_wpcf7_ak_hp_textarea\" cols=\"45\" rows=\"8\" maxlength=\"100\"><\/textarea><\/label><input type=\"hidden\" id=\"ak_js_1\" name=\"_wpcf7_ak_js\" value=\"140\"\/><script>document.getElementById( \"ak_js_1\" ).setAttribute( \"value\", ( new Date() ).getTime() );<\/script><\/p><input type='hidden' class='wpcf7-pum' value='{\"closepopup\":false,\"closedelay\":0,\"openpopup\":false,\"openpopup_id\":0}' \/><div class=\"wpcf7-response-output\" aria-hidden=\"true\"><\/div>\n<\/form>\n<\/div>\n\n<\/div>\n<\/div><\/div><\/div><div id=\"panel-117-0-1-2\" class=\"so-panel widget widget_qt_google_map_iframe widget-google-map-iframe panel-last-child\" data-index=\"4\" >\n\t    \t<div class=\"qt-map-iframe\">\n\t\t\t\t<iframe loading=\"lazy\" frameborder=\"0\" src=\"https:\/\/maps.google.com\/maps?f=q&source=s_q&hl=en&geocode=&q=22+Place+du+Quartier+Saint-Jacques+1420+Braine-l&#039;Alleud&z=13&output=embed\" width=\"100%\" height=\"337px;\"><\/iframe>\n\t\t\t<\/div>\n\t\t\t\t\n\t\t\t<\/div><\/div><\/div><\/div>","protected":false},"excerpt":{"rendered":"<p>Pharmacie Parvais Pl. du Quartier Saint-Jacques, 22 1420 Braine-l&#8217;Alleud T\u00e9l\u00e9phone 02.384.46.00 Fax 02.384.66.62 Adresse e-mail info@pharmacieparvais.be Medias Sociaux<\/p>\n","protected":false},"author":1,"featured_media":0,"parent":0,"menu_order":0,"comment_status":"closed","ping_status":"closed","template":"","meta":{"footnotes":""},"class_list":["post-117","page","type-page","status-publish","hentry"],"_links":{"self":[{"href":"https:\/\/www.pharmacieparvais.com\/index.php\/wp-json\/wp\/v2\/pages\/117","targetHints":{"allow":["GET"]}}],"collection":[{"href":"https:\/\/www.pharmacieparvais.com\/index.php\/wp-json\/wp\/v2\/pages"}],"about":[{"href":"https:\/\/www.pharmacieparvais.com\/index.php\/wp-json\/wp\/v2\/types\/page"}],"author":[{"embeddable":true,"href":"https:\/\/www.pharmacieparvais.com\/index.php\/wp-json\/wp\/v2\/users\/1"}],"replies":[{"embeddable":true,"href":"https:\/\/www.pharmacieparvais.com\/index.php\/wp-json\/wp\/v2\/comments?post=117"}],"version-history":[{"count":51,"href":"https:\/\/www.pharmacieparvais.com\/index.php\/wp-json\/wp\/v2\/pages\/117\/revisions"}],"predecessor-version":[{"id":9729,"href":"https:\/\/www.pharmacieparvais.com\/index.php\/wp-json\/wp\/v2\/pages\/117\/revisions\/9729"}],"wp:attachment":[{"href":"https:\/\/www.pharmacieparvais.com\/index.php\/wp-json\/wp\/v2\/media?parent=117"}],"curies":[{"name":"wp","href":"https:\/\/api.w.org\/{rel}","templated":true}]}}