{"id":110,"date":"2015-11-27T17:59:19","date_gmt":"2015-11-27T17:59:19","guid":{"rendered":"http:\/\/export-xml.qreativethemes.com\/physio\/?page_id=110"},"modified":"2020-08-28T10:11:10","modified_gmt":"2020-08-28T08:11:10","slug":"services","status":"publish","type":"page","link":"https:\/\/www.pharmacieparvais.com\/index.php\/services\/","title":{"rendered":"Nos services"},"content":{"rendered":"<div id=\"pl-110\"  class=\"panel-layout\" ><div id=\"pg-110-0\"  class=\"panel-grid panel-no-style\" ><div id=\"pgc-110-0-0\"  class=\"panel-grid-cell\" ><div id=\"panel-110-0-0-0\" class=\"so-panel widget widget_qt_feature_page widget-featured-page panel-first-child panel-last-child\" data-index=\"0\" >\n\t\t\t<div class=\"featured-page\">\n\t\t\t\t\t\t\t\t\t<div class=\"featured-page--image\">\n\t\t\t\t\t\t<a href=\"https:\/\/www.pharmacieparvais.com\/index.php\/services\/entretien-personnalise\/\">\n\t\t\t\t\t\t\t<img loading=\"lazy\" decoding=\"async\" src=\"https:\/\/www.pharmacieparvais.com\/wp-content\/uploads\/2020\/07\/entretien1-360x240.jpg\" width=\"360\" height=\"240\" srcset=\"https:\/\/www.pharmacieparvais.com\/wp-content\/uploads\/2020\/07\/entretien1-360x240.jpg 360w, https:\/\/www.pharmacieparvais.com\/wp-content\/uploads\/2020\/07\/entretien1.jpg 800w\" sizes=\"auto, (min-width: 781px) 360px, calc(100vw - 30px)\" alt=\"Entretien personnalis\u00e9\">\n\t\t\t\t\t\t\t<div class=\"featured-page--overlay\">\n\t\t\t\t\t\t\t\t\t\t\t\t\t\t\t\t\t<div class=\"overlay--center\">\n\t\t\t\t\t\t\t\t\t\t<span>Lire plus<\/span>\n\t\t\t\t\t\t\t\t\t<\/div>\n\t\t\t\t\t\t\t\t\t\t\t\t\t\t\t<\/div>\n\t\t\t\t\t\t<\/a>\n\t\t\t\t\t<\/div>\n\t\t\t\t\t\t\t\t<div class=\"featured-page--content\">\n\t\t\t\t\t<h4 class=\"featued-page--title\">\n\t\t\t\t\t\t<a href=\"https:\/\/www.pharmacieparvais.com\/index.php\/services\/entretien-personnalise\/\">Entretien personnalis\u00e9<\/a>\n\t\t\t\t\t<\/h4>\n\t\t\t\t\t\t\t\t\t\t\t<p>\n\n\tEn nos qualit\u00e9s de pharmaciens de proximit\u00e9 et de r\u00e9f\u00e9rence, nous sommes r\u00e9guli\u00e8rement amen\u00e9s \u00e0 \u00e9couter, conseiller et aider nos patients pour des questions pharmaceutiques...<\/p>\n\t\t\t\t\t\t\t\t\t\t\t\t\t<a href=\"https:\/\/www.pharmacieparvais.com\/index.php\/services\/entretien-personnalise\/\" class=\"text-link\">Lire plus<\/a>\n\t\t\t\t\t\t\t\t\t\t\t\t\t\t\t<\/div>\n\t\t\t<\/div>\n\n\t\t\t<\/div><\/div><div id=\"pgc-110-0-1\"  class=\"panel-grid-cell\" ><div id=\"panel-110-0-1-0\" class=\"so-panel widget widget_qt_feature_page widget-featured-page panel-first-child panel-last-child\" data-index=\"1\" >\n\t\t\t<div class=\"featured-page\">\n\t\t\t\t\t\t\t\t\t<div class=\"featured-page--image\">\n\t\t\t\t\t\t<a href=\"https:\/\/www.pharmacieparvais.com\/index.php\/services\/livraison\/\">\n\t\t\t\t\t\t\t<img loading=\"lazy\" decoding=\"async\" src=\"https:\/\/www.pharmacieparvais.com\/wp-content\/uploads\/2020\/07\/PHOTO-LIVRAISON-360x240.jpg\" width=\"360\" height=\"240\" srcset=\"https:\/\/www.pharmacieparvais.com\/wp-content\/uploads\/2020\/07\/PHOTO-LIVRAISON-360x240.jpg 360w, https:\/\/www.pharmacieparvais.com\/wp-content\/uploads\/2020\/07\/PHOTO-LIVRAISON-850x567.jpg 850w\" sizes=\"auto, (min-width: 781px) 360px, calc(100vw - 30px)\" alt=\"Livraisons\">\n\t\t\t\t\t\t\t<div class=\"featured-page--overlay\">\n\t\t\t\t\t\t\t\t\t\t\t\t\t\t\t\t\t<div class=\"overlay--center\">\n\t\t\t\t\t\t\t\t\t\t<span>Lire plus<\/span>\n\t\t\t\t\t\t\t\t\t<\/div>\n\t\t\t\t\t\t\t\t\t\t\t\t\t\t\t<\/div>\n\t\t\t\t\t\t<\/a>\n\t\t\t\t\t<\/div>\n\t\t\t\t\t\t\t\t<div class=\"featured-page--content\">\n\t\t\t\t\t<h4 class=\"featued-page--title\">\n\t\t\t\t\t\t<a href=\"https:\/\/www.pharmacieparvais.com\/index.php\/services\/livraison\/\">Livraisons<\/a>\n\t\t\t\t\t<\/h4>\n\t\t\t\t\t\t\t\t\t\t\t<p>\n\n\tNos trois engagements\u00a0:\n\u2705 Sur demande de votre m\u00e9decin et d\u00e8s r\u00e9ception de l&#039;ordonnance, nous pouvons vous livrer, dans la journ\u00e9e sur Braine-l\u2019Alleud, Ophain, Lillois et...<\/p>\n\t\t\t\t\t\t\t\t\t\t\t\t\t<a href=\"https:\/\/www.pharmacieparvais.com\/index.php\/services\/livraison\/\" class=\"text-link\">Lire plus<\/a>\n\t\t\t\t\t\t\t\t\t\t\t\t\t\t\t<\/div>\n\t\t\t<\/div>\n\n\t\t\t<\/div><\/div><div id=\"pgc-110-0-2\"  class=\"panel-grid-cell\" ><div id=\"panel-110-0-2-0\" class=\"so-panel widget widget_qt_feature_page widget-featured-page panel-first-child panel-last-child\" data-index=\"2\" >\n\t\t\t<div class=\"featured-page\">\n\t\t\t\t\t\t\t\t\t<div class=\"featured-page--image\">\n\t\t\t\t\t\t<a href=\"https:\/\/www.pharmacieparvais.com\/index.php\/services\/nos-trousses\/\">\n\t\t\t\t\t\t\t<img loading=\"lazy\" decoding=\"async\" src=\"https:\/\/www.pharmacieparvais.com\/wp-content\/uploads\/2020\/06\/trousse-360x240.jpg\" width=\"360\" height=\"240\" srcset=\"https:\/\/www.pharmacieparvais.com\/wp-content\/uploads\/2020\/06\/trousse-360x240.jpg 360w, https:\/\/www.pharmacieparvais.com\/wp-content\/uploads\/2020\/06\/trousse-850x567.jpg 850w\" sizes=\"auto, (min-width: 781px) 360px, calc(100vw - 30px)\" alt=\"Nos trousses\">\n\t\t\t\t\t\t\t<div class=\"featured-page--overlay\">\n\t\t\t\t\t\t\t\t\t\t\t\t\t\t\t\t\t<div class=\"overlay--center\">\n\t\t\t\t\t\t\t\t\t\t<span>Lire plus<\/span>\n\t\t\t\t\t\t\t\t\t<\/div>\n\t\t\t\t\t\t\t\t\t\t\t\t\t\t\t<\/div>\n\t\t\t\t\t\t<\/a>\n\t\t\t\t\t<\/div>\n\t\t\t\t\t\t\t\t<div class=\"featured-page--content\">\n\t\t\t\t\t<h4 class=\"featued-page--title\">\n\t\t\t\t\t\t<a href=\"https:\/\/www.pharmacieparvais.com\/index.php\/services\/nos-trousses\/\">Nos trousses<\/a>\n\t\t\t\t\t<\/h4>\n\t\t\t\t\t\t\t\t\t\t\t<p>\n\n\tPour vous guider au mieux dans l&#039;\u00e9laboration de vos trousses pharmaceutiques sp\u00e9cifiques vacances &quot;\u00e9t\u00e9&quot; \/ &quot;hiver&quot;, votre trousse &quot;maternit\u00e9&quot; ou pour vous permettre de g\u00e9rer...<\/p>\n\t\t\t\t\t\t\t\t\t\t\t\t\t<a href=\"https:\/\/www.pharmacieparvais.com\/index.php\/services\/nos-trousses\/\" class=\"text-link\">Lire plus<\/a>\n\t\t\t\t\t\t\t\t\t\t\t\t\t\t\t<\/div>\n\t\t\t<\/div>\n\n\t\t\t<\/div><\/div><\/div><div id=\"pg-110-1\"  class=\"panel-grid panel-no-style\" ><div id=\"pgc-110-1-0\"  class=\"panel-grid-cell\" ><div id=\"panel-110-1-0-0\" class=\"so-panel widget widget_qt_feature_page widget-featured-page panel-first-child panel-last-child\" data-index=\"3\" >\n\t\t\t<div class=\"featured-page\">\n\t\t\t\t\t\t\t\t\t<div class=\"featured-page--image\">\n\t\t\t\t\t\t<a href=\"https:\/\/www.pharmacieparvais.com\/index.php\/services\/etablissement-de-votre-schema-de-medication\/\">\n\t\t\t\t\t\t\t<img loading=\"lazy\" decoding=\"async\" src=\"https:\/\/www.pharmacieparvais.com\/wp-content\/uploads\/2020\/07\/schema-360x240.png\" width=\"360\" height=\"240\" srcset=\"https:\/\/www.pharmacieparvais.com\/wp-content\/uploads\/2020\/07\/schema-360x240.png 360w, https:\/\/www.pharmacieparvais.com\/wp-content\/uploads\/2020\/07\/schema-850x567.png 850w\" sizes=\"auto, (min-width: 781px) 360px, calc(100vw - 30px)\" alt=\"Sch\u00e9ma de m\u00e9dication\">\n\t\t\t\t\t\t\t<div class=\"featured-page--overlay\">\n\t\t\t\t\t\t\t\t\t\t\t\t\t\t\t\t\t<div class=\"overlay--center\">\n\t\t\t\t\t\t\t\t\t\t<span>Lire plus<\/span>\n\t\t\t\t\t\t\t\t\t<\/div>\n\t\t\t\t\t\t\t\t\t\t\t\t\t\t\t<\/div>\n\t\t\t\t\t\t<\/a>\n\t\t\t\t\t<\/div>\n\t\t\t\t\t\t\t\t<div class=\"featured-page--content\">\n\t\t\t\t\t<h4 class=\"featued-page--title\">\n\t\t\t\t\t\t<a href=\"https:\/\/www.pharmacieparvais.com\/index.php\/services\/etablissement-de-votre-schema-de-medication\/\">Sch\u00e9ma de m\u00e9dication<\/a>\n\t\t\t\t\t<\/h4>\n\t\t\t\t\t\t\t\t\t\t\t<p>\n\n\n\tNous pouvons assurer, pour les patients prenant des m\u00e9dicaments de mani\u00e8re\u00a0chronique, la mission de pharmacien de r\u00e9f\u00e9rence afin de vous offrir\u00a0un suivi personnalis\u00e9 de vos...<\/p>\n\t\t\t\t\t\t\t\t\t\t\t\t\t<a href=\"https:\/\/www.pharmacieparvais.com\/index.php\/services\/etablissement-de-votre-schema-de-medication\/\" class=\"text-link\">Lire plus<\/a>\n\t\t\t\t\t\t\t\t\t\t\t\t\t\t\t<\/div>\n\t\t\t<\/div>\n\n\t\t\t<\/div><\/div><div id=\"pgc-110-1-1\"  class=\"panel-grid-cell\" ><div id=\"panel-110-1-1-0\" class=\"so-panel widget widget_qt_feature_page widget-featured-page panel-first-child panel-last-child\" data-index=\"4\" >\n\t\t\t<div class=\"featured-page\">\n\t\t\t\t\t\t\t\t\t<div class=\"featured-page--image\">\n\t\t\t\t\t\t<a href=\"https:\/\/www.pharmacieparvais.com\/index.php\/services\/cosmetiques\/\">\n\t\t\t\t\t\t\t<img loading=\"lazy\" decoding=\"async\" src=\"https:\/\/www.pharmacieparvais.com\/wp-content\/uploads\/2020\/07\/produit-beaute-360x240.jpg\" width=\"360\" height=\"240\" srcset=\"https:\/\/www.pharmacieparvais.com\/wp-content\/uploads\/2020\/07\/produit-beaute-360x240.jpg 360w, https:\/\/www.pharmacieparvais.com\/wp-content\/uploads\/2020\/07\/produit-beaute-850x567.jpg 850w\" sizes=\"auto, (min-width: 781px) 360px, calc(100vw - 30px)\" alt=\"Nos gammes de cosm\u00e9tiques\">\n\t\t\t\t\t\t\t<div class=\"featured-page--overlay\">\n\t\t\t\t\t\t\t\t\t\t\t\t\t\t\t\t\t<div class=\"overlay--center\">\n\t\t\t\t\t\t\t\t\t\t<span>Lire plus<\/span>\n\t\t\t\t\t\t\t\t\t<\/div>\n\t\t\t\t\t\t\t\t\t\t\t\t\t\t\t<\/div>\n\t\t\t\t\t\t<\/a>\n\t\t\t\t\t<\/div>\n\t\t\t\t\t\t\t\t<div class=\"featured-page--content\">\n\t\t\t\t\t<h4 class=\"featued-page--title\">\n\t\t\t\t\t\t<a href=\"https:\/\/www.pharmacieparvais.com\/index.php\/services\/cosmetiques\/\">Nos gammes de cosm\u00e9tiques<\/a>\n\t\t\t\t\t<\/h4>\n\t\t\t\t\t\t\t\t\t\t\t<p>\n\n\tParce que votre peau est unique ...\n... nous vous proposons des gammes cosm\u00e9tiques s\u00e9lectionn\u00e9es pour la diversit\u00e9 et les qualit\u00e9s de leurs produits et ainsi r\u00e9pondre \u00e0 chacune...<\/p>\n\t\t\t\t\t\t\t\t\t\t\t\t\t<a href=\"https:\/\/www.pharmacieparvais.com\/index.php\/services\/cosmetiques\/\" class=\"text-link\">Lire plus<\/a>\n\t\t\t\t\t\t\t\t\t\t\t\t\t\t\t<\/div>\n\t\t\t<\/div>\n\n\t\t\t<\/div><\/div><div id=\"pgc-110-1-2\"  class=\"panel-grid-cell\" ><div id=\"panel-110-1-2-0\" class=\"so-panel widget widget_qt_feature_page widget-featured-page panel-first-child panel-last-child\" data-index=\"5\" >\n\t\t\t<div class=\"featured-page\">\n\t\t\t\t\t\t\t\t\t<div class=\"featured-page--image\">\n\t\t\t\t\t\t<a href=\"https:\/\/www.pharmacieparvais.com\/index.php\/services\/tabacologie\/\">\n\t\t\t\t\t\t\t<img loading=\"lazy\" decoding=\"async\" src=\"https:\/\/www.pharmacieparvais.com\/wp-content\/uploads\/2020\/06\/tabacologie-360x240.jpg\" width=\"360\" height=\"240\" srcset=\"https:\/\/www.pharmacieparvais.com\/wp-content\/uploads\/2020\/06\/tabacologie-360x240.jpg 360w, https:\/\/www.pharmacieparvais.com\/wp-content\/uploads\/2020\/06\/tabacologie-850x567.jpg 850w\" sizes=\"auto, (min-width: 781px) 360px, calc(100vw - 30px)\" alt=\"Tabacologie\">\n\t\t\t\t\t\t\t<div class=\"featured-page--overlay\">\n\t\t\t\t\t\t\t\t\t\t\t\t\t\t\t\t\t<div class=\"overlay--center\">\n\t\t\t\t\t\t\t\t\t\t<span>Lire plus<\/span>\n\t\t\t\t\t\t\t\t\t<\/div>\n\t\t\t\t\t\t\t\t\t\t\t\t\t\t\t<\/div>\n\t\t\t\t\t\t<\/a>\n\t\t\t\t\t<\/div>\n\t\t\t\t\t\t\t\t<div class=\"featured-page--content\">\n\t\t\t\t\t<h4 class=\"featued-page--title\">\n\t\t\t\t\t\t<a href=\"https:\/\/www.pharmacieparvais.com\/index.php\/services\/tabacologie\/\">Tabacologie<\/a>\n\t\t\t\t\t<\/h4>\n\t\t\t\t\t\t\t\t\t\t\t<p>\n\n\t\nArr\u00eater de fumer\u00a0? Et si votre pharmacien avait la cl\u00e9\u00a0??\nTout le monde en est bien conscient\u00a0: arr\u00eater de fumer n\u2019est pas chose ais\u00e9e\u00a0!\nDe nombreux intervenants peuvent...<\/p>\n\t\t\t\t\t\t\t\t\t\t\t\t\t<a href=\"https:\/\/www.pharmacieparvais.com\/index.php\/services\/tabacologie\/\" class=\"text-link\">Lire plus<\/a>\n\t\t\t\t\t\t\t\t\t\t\t\t\t\t\t<\/div>\n\t\t\t<\/div>\n\n\t\t\t<\/div><\/div><\/div><div id=\"pg-110-2\"  class=\"panel-grid panel-no-style\" ><div id=\"pgc-110-2-0\"  class=\"panel-grid-cell\" ><div id=\"panel-110-2-0-0\" class=\"so-panel widget widget_qt_feature_page widget-featured-page panel-first-child panel-last-child\" data-index=\"6\" >\n\t\t\t<div class=\"featured-page\">\n\t\t\t\t\t\t\t\t\t<div class=\"featured-page--image\">\n\t\t\t\t\t\t<a href=\"https:\/\/www.pharmacieparvais.com\/index.php\/services\/location-materiel\/\">\n\t\t\t\t\t\t\t<img loading=\"lazy\" decoding=\"async\" src=\"https:\/\/www.pharmacieparvais.com\/wp-content\/uploads\/2020\/06\/location1-360x240.jpg\" width=\"360\" height=\"240\" srcset=\"https:\/\/www.pharmacieparvais.com\/wp-content\/uploads\/2020\/06\/location1-360x240.jpg 360w, https:\/\/www.pharmacieparvais.com\/wp-content\/uploads\/2020\/06\/location1-850x567.jpg 850w\" sizes=\"auto, (min-width: 781px) 360px, calc(100vw - 30px)\" alt=\"Location de mat\u00e9riel\">\n\t\t\t\t\t\t\t<div class=\"featured-page--overlay\">\n\t\t\t\t\t\t\t\t\t\t\t\t\t\t\t\t\t<div class=\"overlay--center\">\n\t\t\t\t\t\t\t\t\t\t<span>Lire plus<\/span>\n\t\t\t\t\t\t\t\t\t<\/div>\n\t\t\t\t\t\t\t\t\t\t\t\t\t\t\t<\/div>\n\t\t\t\t\t\t<\/a>\n\t\t\t\t\t<\/div>\n\t\t\t\t\t\t\t\t<div class=\"featured-page--content\">\n\t\t\t\t\t<h4 class=\"featued-page--title\">\n\t\t\t\t\t\t<a href=\"https:\/\/www.pharmacieparvais.com\/index.php\/services\/location-materiel\/\">Location de mat\u00e9riel<\/a>\n\t\t\t\t\t<\/h4>\n\t\t\t\t\t\t\t\t\t\t\t<p>\n\n\t\nNous vous proposons la location de mat\u00e9riel suivant :\n\u2747\ufe0f A\u00e9rosols (\ud83d\udc76 enfants et \ud83e\uddd3adultes)\n\u2747\ufe0f P\u00e8ses-b\u00e9b\u00e9s \u00e9lectroniques\n\u2747\ufe0f Tensiom\u00e8tres\n\u2747\ufe0f\u00a0Tire-laits...<\/p>\n\t\t\t\t\t\t\t\t\t\t\t\t\t<a href=\"https:\/\/www.pharmacieparvais.com\/index.php\/services\/location-materiel\/\" class=\"text-link\">Lire plus<\/a>\n\t\t\t\t\t\t\t\t\t\t\t\t\t\t\t<\/div>\n\t\t\t<\/div>\n\n\t\t\t<\/div><\/div><div id=\"pgc-110-2-1\"  class=\"panel-grid-cell\" ><div id=\"panel-110-2-1-0\" class=\"so-panel widget widget_qt_feature_page widget-featured-page panel-first-child panel-last-child\" data-index=\"7\" >\n\t\t\t<div class=\"featured-page\">\n\t\t\t\t\t\t\t\t\t<div class=\"featured-page--image\">\n\t\t\t\t\t\t<a href=\"https:\/\/www.pharmacieparvais.com\/index.php\/services\/ristournes\/\">\n\t\t\t\t\t\t\t<img loading=\"lazy\" decoding=\"async\" src=\"https:\/\/www.pharmacieparvais.com\/wp-content\/uploads\/2020\/06\/pharmapass-360x240.jpg\" width=\"360\" height=\"240\" srcset=\"https:\/\/www.pharmacieparvais.com\/wp-content\/uploads\/2020\/06\/pharmapass-360x240.jpg 360w, https:\/\/www.pharmacieparvais.com\/wp-content\/uploads\/2020\/06\/pharmapass-850x567.jpg 850w\" sizes=\"auto, (min-width: 781px) 360px, calc(100vw - 30px)\" alt=\"Ristournes\">\n\t\t\t\t\t\t\t<div class=\"featured-page--overlay\">\n\t\t\t\t\t\t\t\t\t\t\t\t\t\t\t\t\t<div class=\"overlay--center\">\n\t\t\t\t\t\t\t\t\t\t<span>Lire plus<\/span>\n\t\t\t\t\t\t\t\t\t<\/div>\n\t\t\t\t\t\t\t\t\t\t\t\t\t\t\t<\/div>\n\t\t\t\t\t\t<\/a>\n\t\t\t\t\t<\/div>\n\t\t\t\t\t\t\t\t<div class=\"featured-page--content\">\n\t\t\t\t\t<h4 class=\"featued-page--title\">\n\t\t\t\t\t\t<a href=\"https:\/\/www.pharmacieparvais.com\/index.php\/services\/ristournes\/\">Ristournes<\/a>\n\t\t\t\t\t<\/h4>\n\t\t\t\t\t\t\t\t\t\t\t<p>La carte pharma-pass\n\n\tLa pharmacie Parvais vous permet de mieux comptabiliser vos remises gr\u00e2ce \u00e0 la carte Pharma-Pass qui vous est offerte gratuitement.\nVous pouvez photocopier...<\/p>\n\t\t\t\t\t\t\t\t\t\t\t\t\t<a href=\"https:\/\/www.pharmacieparvais.com\/index.php\/services\/ristournes\/\" class=\"text-link\">Lire plus<\/a>\n\t\t\t\t\t\t\t\t\t\t\t\t\t\t\t<\/div>\n\t\t\t<\/div>\n\n\t\t\t<\/div><\/div><div id=\"pgc-110-2-2\"  class=\"panel-grid-cell\" ><div id=\"panel-110-2-2-0\" class=\"so-panel widget widget_qt_feature_page widget-featured-page panel-first-child panel-last-child\" data-index=\"8\" >\n\t\t\t<div class=\"featured-page\">\n\t\t\t\t\t\t\t\t\t<div class=\"featured-page--image\">\n\t\t\t\t\t\t<a href=\"https:\/\/www.pharmacieparvais.com\/index.php\/services\/recyclage\/\">\n\t\t\t\t\t\t\t<img loading=\"lazy\" decoding=\"async\" src=\"https:\/\/www.pharmacieparvais.com\/wp-content\/uploads\/2020\/07\/photos-perimes-360x240.png\" width=\"360\" height=\"240\" srcset=\"https:\/\/www.pharmacieparvais.com\/wp-content\/uploads\/2020\/07\/photos-perimes-360x240.png 360w, https:\/\/www.pharmacieparvais.com\/wp-content\/uploads\/2020\/07\/photos-perimes-850x567.png 850w\" sizes=\"auto, (min-width: 781px) 360px, calc(100vw - 30px)\" alt=\"Recyclage et p\u00e9rim\u00e9s\">\n\t\t\t\t\t\t\t<div class=\"featured-page--overlay\">\n\t\t\t\t\t\t\t\t\t\t\t\t\t\t\t\t\t<div class=\"overlay--center\">\n\t\t\t\t\t\t\t\t\t\t<span>Lire plus<\/span>\n\t\t\t\t\t\t\t\t\t<\/div>\n\t\t\t\t\t\t\t\t\t\t\t\t\t\t\t<\/div>\n\t\t\t\t\t\t<\/a>\n\t\t\t\t\t<\/div>\n\t\t\t\t\t\t\t\t<div class=\"featured-page--content\">\n\t\t\t\t\t<h4 class=\"featued-page--title\">\n\t\t\t\t\t\t<a href=\"https:\/\/www.pharmacieparvais.com\/index.php\/services\/recyclage\/\">Recyclage et p\u00e9rim\u00e9s<\/a>\n\t\t\t\t\t<\/h4>\n\t\t\t\t\t\t\t\t\t\t\t<p>\n\n\t\nLes m\u00e9dicaments ne sont pas des produits comme les autres et les m\u00e9dicaments non utilis\u00e9s ou p\u00e9rim\u00e9s ne sont donc pas non plus des d\u00e9chets comme les\u00a0autres !\n\u26d4 Il est interdit...<\/p>\n\t\t\t\t\t\t\t\t\t\t\t\t\t<a href=\"https:\/\/www.pharmacieparvais.com\/index.php\/services\/recyclage\/\" class=\"text-link\">Lire plus<\/a>\n\t\t\t\t\t\t\t\t\t\t\t\t\t\t\t<\/div>\n\t\t\t<\/div>\n\n\t\t\t<\/div><\/div><\/div><div id=\"pg-110-3\"  class=\"panel-grid panel-no-style\" ><div id=\"pgc-110-3-0\"  class=\"panel-grid-cell\" ><div id=\"panel-110-3-0-0\" class=\"so-panel widget widget_qt_feature_page widget-featured-page panel-first-child panel-last-child\" data-index=\"9\" >\n\t\t\t<div class=\"featured-page\">\n\t\t\t\t\t\t\t\t\t<div class=\"featured-page--image\">\n\t\t\t\t\t\t<a href=\"https:\/\/www.pharmacieparvais.com\/index.php\/services\/clinical-pilates\/\">\n\t\t\t\t\t\t\t<img loading=\"lazy\" decoding=\"async\" src=\"https:\/\/www.pharmacieparvais.com\/wp-content\/uploads\/2020\/06\/mutuelle-360x240.jpg\" width=\"360\" height=\"240\" srcset=\"https:\/\/www.pharmacieparvais.com\/wp-content\/uploads\/2020\/06\/mutuelle-360x240.jpg 360w, https:\/\/www.pharmacieparvais.com\/wp-content\/uploads\/2020\/06\/mutuelle-850x567.jpg 850w\" sizes=\"auto, (min-width: 781px) 360px, calc(100vw - 30px)\" alt=\"Avantages mutuelles\">\n\t\t\t\t\t\t\t<div class=\"featured-page--overlay\">\n\t\t\t\t\t\t\t\t\t\t\t\t\t\t\t\t\t<div class=\"overlay--center\">\n\t\t\t\t\t\t\t\t\t\t<span>Lire plus<\/span>\n\t\t\t\t\t\t\t\t\t<\/div>\n\t\t\t\t\t\t\t\t\t\t\t\t\t\t\t<\/div>\n\t\t\t\t\t\t<\/a>\n\t\t\t\t\t<\/div>\n\t\t\t\t\t\t\t\t<div class=\"featured-page--content\">\n\t\t\t\t\t<h4 class=\"featued-page--title\">\n\t\t\t\t\t\t<a href=\"https:\/\/www.pharmacieparvais.com\/index.php\/services\/clinical-pilates\/\">Avantages mutuelles<\/a>\n\t\t\t\t\t<\/h4>\n\t\t\t\t\t\t\t\t\t\t\t<p>\n\n\tVotre mutuelle vous propose peut-\u00eatre des remboursements compl\u00e9mentaires pour les vaccins, la contraception, les m\u00e9dicaments g\u00e9n\u00e9riques, l&#039;hom\u00e9opathie ...\nN&#039;h\u00e9sitez pas \u00e0...<\/p>\n\t\t\t\t\t\t\t\t\t\t\t\t\t<a href=\"https:\/\/www.pharmacieparvais.com\/index.php\/services\/clinical-pilates\/\" class=\"text-link\">Lire plus<\/a>\n\t\t\t\t\t\t\t\t\t\t\t\t\t\t\t<\/div>\n\t\t\t<\/div>\n\n\t\t\t<\/div><\/div><div id=\"pgc-110-3-1\"  class=\"panel-grid-cell panel-grid-cell-mobile-last\" ><div id=\"panel-110-3-1-0\" class=\"so-panel widget widget_qt_feature_page widget-featured-page panel-first-child panel-last-child\" data-index=\"10\" >\n\t\t\t<div class=\"featured-page\">\n\t\t\t\t\t\t\t\t\t<div class=\"featured-page--image\">\n\t\t\t\t\t\t<a href=\"https:\/\/www.pharmacieparvais.com\/index.php\/services\/assurpharma\/\">\n\t\t\t\t\t\t\t<img loading=\"lazy\" decoding=\"async\" src=\"https:\/\/www.pharmacieparvais.com\/wp-content\/uploads\/2020\/06\/assurpharma-copie-360x240.jpg\" width=\"360\" height=\"240\" srcset=\"https:\/\/www.pharmacieparvais.com\/wp-content\/uploads\/2020\/06\/assurpharma-copie-360x240.jpg 360w, https:\/\/www.pharmacieparvais.com\/wp-content\/uploads\/2020\/06\/assurpharma-copie-850x567.jpg 850w\" sizes=\"auto, (min-width: 781px) 360px, calc(100vw - 30px)\" alt=\"AssurPharma\">\n\t\t\t\t\t\t\t<div class=\"featured-page--overlay\">\n\t\t\t\t\t\t\t\t\t\t\t\t\t\t\t\t\t<div class=\"overlay--center\">\n\t\t\t\t\t\t\t\t\t\t<span>Lire plus<\/span>\n\t\t\t\t\t\t\t\t\t<\/div>\n\t\t\t\t\t\t\t\t\t\t\t\t\t\t\t<\/div>\n\t\t\t\t\t\t<\/a>\n\t\t\t\t\t<\/div>\n\t\t\t\t\t\t\t\t<div class=\"featured-page--content\">\n\t\t\t\t\t<h4 class=\"featued-page--title\">\n\t\t\t\t\t\t<a href=\"https:\/\/www.pharmacieparvais.com\/index.php\/services\/assurpharma\/\">AssurPharma<\/a>\n\t\t\t\t\t<\/h4>\n\t\t\t\t\t\t\t\t\t\t\t<p>AssurPharma = transmission \u00e9lectronique s\u00e9curis\u00e9e des donn\u00e9es des attestations BVAC \u00e0 un assureur<\/p>\n\t\t\t\t\t\t\t\t\t\t\t\t\t<a href=\"https:\/\/www.pharmacieparvais.com\/index.php\/services\/assurpharma\/\" class=\"text-link\">Lire plus<\/a>\n\t\t\t\t\t\t\t\t\t\t\t\t\t\t\t<\/div>\n\t\t\t<\/div>\n\n\t\t\t<\/div><\/div><div id=\"pgc-110-3-2\"  class=\"panel-grid-cell panel-grid-cell-empty\" ><\/div><\/div><\/div>","protected":false},"excerpt":{"rendered":"<p>Retrouvez tous nos services<\/p>\n","protected":false},"author":1,"featured_media":9794,"parent":0,"menu_order":0,"comment_status":"closed","ping_status":"closed","template":"","meta":{"footnotes":""},"class_list":["post-110","page","type-page","status-publish","has-post-thumbnail","hentry"],"_links":{"self":[{"href":"https:\/\/www.pharmacieparvais.com\/index.php\/wp-json\/wp\/v2\/pages\/110","targetHints":{"allow":["GET"]}}],"collection":[{"href":"https:\/\/www.pharmacieparvais.com\/index.php\/wp-json\/wp\/v2\/pages"}],"about":[{"href":"https:\/\/www.pharmacieparvais.com\/index.php\/wp-json\/wp\/v2\/types\/page"}],"author":[{"embeddable":true,"href":"https:\/\/www.pharmacieparvais.com\/index.php\/wp-json\/wp\/v2\/users\/1"}],"replies":[{"embeddable":true,"href":"https:\/\/www.pharmacieparvais.com\/index.php\/wp-json\/wp\/v2\/comments?post=110"}],"version-history":[{"count":51,"href":"https:\/\/www.pharmacieparvais.com\/index.php\/wp-json\/wp\/v2\/pages\/110\/revisions"}],"predecessor-version":[{"id":9952,"href":"https:\/\/www.pharmacieparvais.com\/index.php\/wp-json\/wp\/v2\/pages\/110\/revisions\/9952"}],"wp:featuredmedia":[{"embeddable":true,"href":"https:\/\/www.pharmacieparvais.com\/index.php\/wp-json\/wp\/v2\/media\/9794"}],"wp:attachment":[{"href":"https:\/\/www.pharmacieparvais.com\/index.php\/wp-json\/wp\/v2\/media?parent=110"}],"curies":[{"name":"wp","href":"https:\/\/api.w.org\/{rel}","templated":true}]}}